{"id":468,"date":"2020-12-29T18:59:36","date_gmt":"2020-12-29T18:59:36","guid":{"rendered":"https:\/\/vanosrepair.skyberatedev.nl\/product\/enkele-vanos-seals-revisie-voordeelset-m50tu-m52\/"},"modified":"2022-07-16T13:52:36","modified_gmt":"2022-07-16T13:52:36","slug":"m50b20-m50b25-m52b20-m52b25-m52b28-enkele-vanos-beisan-seals-revisie-voordeelset","status":"publish","type":"product","link":"https:\/\/vanosrepair.nl\/it\/shop\/vanos-voordeel-sets\/m50b20-m50b25-m52b20-m52b25-m52b28-enkele-vanos-beisan-seals-revisie-voordeelset\/","title":{"rendered":"M50B20 - M50B25 - M52B20 - M52B25 - M52B28 - Revisione guarnizioni VANOS Beisan singole..."},"content":{"rendered":"<p><strong>Questo set di sconti per la revisione dei sigilli VANOS \u00e8 adatto per la revisione dei sigilli di un singolo VANOS.<\/strong><\/p>\n<p>Con questo set, \u00e8 possibile eseguire perfettamente una revisione delle guarnizioni e avere uno sconto di 10% rispetto ai singoli materiali.<\/p>\n<p>Se la tua VANOS viene revisionata con questo kit di riparazione delle guarnizioni, la tua unit\u00e0 continuer\u00e0 a funzionare perfettamente, a differenza di una nuova unit\u00e0 originale.<\/p>\n<p>SUGGERIMENTO: durante la revisione, installare anche il set antirombo in modo che il gioco dei cuscinetti sia di nuovo perfetto e tutti i rumori laterali (sferragliamenti) siano scomparsi.<\/p>\n<p><strong>Questo prodotto \u00e8 adatto a:<\/strong><\/p>\n<table>\n<tbody>\n<tr>\n<td>BMW<\/td>\n<td>3er<\/td>\n<td>1990\/09-1998\/02<\/td>\n<td>E36<\/td>\n<td>320i<\/td>\n<td>1991 ccm, 110 KW, 150 PS<\/td>\n<\/tr>\n<tr>\n<td>BMW<\/td>\n<td>3er<\/td>\n<td>1995\/03-1998\/02<\/td>\n<td>E36<\/td>\n<td>323i 2.5<\/td>\n<td>2494 ccm, 125 KW, 170 PS<\/td>\n<\/tr>\n<tr>\n<td>BMW<\/td>\n<td>3er Cabriolet<\/td>\n<td>1993\/12-1999\/04<\/td>\n<td>E36<\/td>\n<td>320i<\/td>\n<td>1991 ccm, 110 KW, 150 PS<\/td>\n<\/tr>\n<tr>\n<td>BMW<\/td>\n<td>3er Cabriolet<\/td>\n<td>1995\/06-1999\/04<\/td>\n<td>E36<\/td>\n<td>323i<\/td>\n<td>2494 ccm, 125 KW, 170 PS<\/td>\n<\/tr>\n<tr>\n<td>BMW<\/td>\n<td>3er Cabriolet<\/td>\n<td>1993\/03-1995\/12<\/td>\n<td>E36<\/td>\n<td>325i<\/td>\n<td>2494 ccm, 141 KW, 192 PS<\/td>\n<\/tr>\n<tr>\n<td>BMW<\/td>\n<td>3er Cabriolet<\/td>\n<td>1995\/03-1999\/04<\/td>\n<td>E36<\/td>\n<td>328i<\/td>\n<td>2793 ccm, 142 KW, 193 PS<\/td>\n<\/tr>\n<tr>\n<td>BMW<\/td>\n<td>3er Compatto<\/td>\n<td>1997\/08-2000\/08<\/td>\n<td>E36<\/td>\n<td>323 TI<\/td>\n<td>2494 ccm, 125 KW, 170 PS<\/td>\n<\/tr>\n<tr>\n<td>BMW<\/td>\n<td>3er Coup\u00e9<\/td>\n<td>1992\/03-1999\/04<\/td>\n<td>E36<\/td>\n<td>320i<\/td>\n<td>1991 ccm, 110 KW, 150 PS<\/td>\n<\/tr>\n<tr>\n<td>BMW<\/td>\n<td>3er Coup\u00e9<\/td>\n<td>1995\/03-1999\/04<\/td>\n<td>E36<\/td>\n<td>323i<\/td>\n<td>2494 ccm, 125 KW, 170 PS<\/td>\n<\/tr>\n<tr>\n<td>BMW<\/td>\n<td>3er Coup\u00e9<\/td>\n<td>1992\/03-1999\/04<\/td>\n<td>E36<\/td>\n<td>325i<\/td>\n<td>2494 ccm, 141 KW, 192 PS<\/td>\n<\/tr>\n<tr>\n<td>BMW<\/td>\n<td>3er Coup\u00e9<\/td>\n<td>1995\/01-1999\/04<\/td>\n<td>E36<\/td>\n<td>328i<\/td>\n<td>2793 ccm, 142 KW, 193 PS<\/td>\n<\/tr>\n<tr>\n<td>BMW<\/td>\n<td>3er Touring<\/td>\n<td>1995\/01-1999\/10<\/td>\n<td>E36<\/td>\n<td>320i<\/td>\n<td>1991 ccm, 110 KW, 150 PS<\/td>\n<\/tr>\n<tr>\n<td>BMW<\/td>\n<td>3er Touring<\/td>\n<td>1995\/09-1999\/10<\/td>\n<td>E36<\/td>\n<td>323i<\/td>\n<td>2494 ccm, 125 KW, 170 PS<\/td>\n<\/tr>\n<tr>\n<td>BMW<\/td>\n<td>3er Touring<\/td>\n<td>1994\/08-1999\/12<\/td>\n<td>E36<\/td>\n<td>328i<\/td>\n<td>2793 ccm, 142 KW, 193 PS<\/td>\n<\/tr>\n<tr>\n<td>BMW<\/td>\n<td>5er<\/td>\n<td>1996\/01-2003\/06<\/td>\n<td>E39<\/td>\n<td>520i<\/td>\n<td>1991 ccm, 110 KW, 150 PS<\/td>\n<\/tr>\n<tr>\n<td>BMW<\/td>\n<td>5er<\/td>\n<td>1995\/11-2000\/09<\/td>\n<td>E39<\/td>\n<td>523i<\/td>\n<td>2494 ccm, 125 KW, 170 PS<\/td>\n<\/tr>\n<tr>\n<td>BMW<\/td>\n<td>5er<\/td>\n<td>1995\/11-2000\/09<\/td>\n<td>E39<\/td>\n<td>528i<\/td>\n<td>2793 ccm, 142 KW, 193 PS<\/td>\n<\/tr>\n<tr>\n<td>BMW<\/td>\n<td>7er<\/td>\n<td>1995\/11-2001\/09<\/td>\n<td>E38<\/td>\n<td>728i X<\/td>\n<td>2793 ccm, 142 KW, 193 PS<\/td>\n<\/tr>\n<\/tbody>\n<\/table>","protected":false},"excerpt":{"rendered":"<p><span style=\"color: #000000;\"><strong>Singolo sconto per la revisione dei sigilli VANOS fissato per una revisione dei sigilli VANOS con sconto 10% su tutti i materiali.<\/strong><\/span><\/p>\n<p>Tutti i materiali forniti sono della migliore qualit\u00e0 (migliori o uguali a quelli del primo montaggio) in modo che il VANOS torni come nuovo e duri per il resto della vita della vostra auto.<\/p>\n<p><strong>Adatto per:<\/strong><\/p>\n<table>\n<tbody>\n<tr>\n<td><strong>M50TU<\/strong><\/td>\n<td><strong>1993-1995<\/strong><\/td>\n<\/tr>\n<tr>\n<td><strong>M52<\/strong><\/td>\n<td><strong>1995-2000<\/strong><\/td>\n<\/tr>\n<\/tbody>\n<\/table>\n<p><strong>Contenuto del set di prestazioni:<\/strong><\/p>\n<p><strong>\u2713 Guarnizioni singole VANOS di Beisan Systems<\/strong><\/p>\n<p><strong>\u2713 Guarnizione VANOS<\/strong><\/p>\n<p><strong>\u2713 Set di bulloni di bloccaggio della tensione (per cappucci dei pistoni)<\/strong><\/p>\n<p><strong>Set di connessione (O-ring in VITON e anelli in ALU)<\/strong><\/p>","protected":false},"featured_media":356,"comment_status":"open","ping_status":"closed","template":"","meta":[],"product_brand":[],"product_cat":[20],"product_tag":[],"class_list":{"0":"post-468","1":"product","2":"type-product","3":"status-publish","4":"has-post-thumbnail","6":"product_cat-vanos-voordeel-sets","7":"pa_motorcodes-m50-b20","8":"pa_motorcodes-m50-b25","9":"pa_motorcodes-m52-b20","10":"pa_motorcodes-m52-b25","11":"pa_motorcodes-m52-b28","13":"first","14":"instock","15":"sale","16":"taxable","17":"shipping-taxable","18":"purchasable","19":"product-type-simple"},"_links":{"self":[{"href":"https:\/\/vanosrepair.nl\/it\/wp-json\/wp\/v2\/product\/468","targetHints":{"allow":["GET"]}}],"collection":[{"href":"https:\/\/vanosrepair.nl\/it\/wp-json\/wp\/v2\/product"}],"about":[{"href":"https:\/\/vanosrepair.nl\/it\/wp-json\/wp\/v2\/types\/product"}],"replies":[{"embeddable":true,"href":"https:\/\/vanosrepair.nl\/it\/wp-json\/wp\/v2\/comments?post=468"}],"wp:featuredmedia":[{"embeddable":true,"href":"https:\/\/vanosrepair.nl\/it\/wp-json\/wp\/v2\/media\/356"}],"wp:attachment":[{"href":"https:\/\/vanosrepair.nl\/it\/wp-json\/wp\/v2\/media?parent=468"}],"wp:term":[{"taxonomy":"product_brand","embeddable":true,"href":"https:\/\/vanosrepair.nl\/it\/wp-json\/wp\/v2\/product_brand?post=468"},{"taxonomy":"product_cat","embeddable":true,"href":"https:\/\/vanosrepair.nl\/it\/wp-json\/wp\/v2\/product_cat?post=468"},{"taxonomy":"product_tag","embeddable":true,"href":"https:\/\/vanosrepair.nl\/it\/wp-json\/wp\/v2\/product_tag?post=468"}],"curies":[{"name":"wp","href":"https:\/\/api.w.org\/{rel}","templated":true}]}}