{"id":458,"date":"2020-12-29T18:59:29","date_gmt":"2020-12-29T18:59:29","guid":{"rendered":"https:\/\/vanosrepair.skyberatedev.nl\/product\/kleine-o-ring-solenoid-n43-n63-11367561852\/"},"modified":"2022-07-16T14:01:17","modified_gmt":"2022-07-16T14:01:17","slug":"11367561852-kleine-o-ring-solenoid-n43-n63","status":"publish","type":"product","link":"https:\/\/vanosrepair.nl\/it\/shop\/vanos-revisie-sets\/alle-beisan-revisie-sets\/n42-n43-n45-n46-n63\/11367561852-kleine-o-ring-solenoid-n43-n63\/","title":{"rendered":"11367561852 - Solenoide O-ring piccolo N43 N63"},"content":{"rendered":"<p><strong>L'applicazione di questo speciale O-ring garantisce la corretta tenuta del solenoide.<\/strong><strong><br \/>\n<\/strong><\/p>\n<p><strong>Numero BMW: 11367561852<\/strong><\/p>\n<p>NOTA: Ogni solenoide ha 2 O-ring (piccolo e grande). Questo \u00e8 il piccolo O-ring. \u00c8 inoltre necessario ordinare l&#039;O-ring grande (n. 2 nella foto) (11367548320)<\/p>\n<p><span style=\"font-size: small; color: #000000;\"><strong>Applicazione:<\/strong><\/span><\/p>\n<p><strong>1\u2032Serie<\/strong><br \/>\n<strong>E81<\/strong><br \/>\n116i 1.6N43<br \/>\n116i 2.0 N43<br \/>\n118iN43<br \/>\n120iN43<br \/>\n<strong>E82<\/strong><br \/>\n120iN43<br \/>\n<strong>E87 restyling<\/strong><br \/>\n116i 1.6N43<br \/>\n116i 2.0 N43<br \/>\n118iN43<br \/>\n120iN43<br \/>\n<strong>E88<\/strong><br \/>\n118iN43<br \/>\n120iN43<br \/>\n<strong>Serie 3&#039;<\/strong><br \/>\n<strong>E90<\/strong><br \/>\n316iN43<br \/>\n318iN43<br \/>\n320iN43<br \/>\n<strong>E90 restyling<\/strong><br \/>\n316iN43<br \/>\n318iN43<br \/>\n320iN43<br \/>\n<strong>E91<\/strong><br \/>\n318iN43<br \/>\n320iN43<br \/>\n<strong>E91 restyling<\/strong><br \/>\n316iN43<br \/>\n318iN43<br \/>\n320iN43<br \/>\n<strong>E92<\/strong><br \/>\n316iN43<br \/>\n320iN43<br \/>\n<strong>Lifting facciale E92<\/strong><br \/>\n316iN43<br \/>\n318iN43<br \/>\n320iN43<br \/>\n<strong>E93<\/strong><br \/>\n320iN43<br \/>\n<strong>E93 restyling<\/strong><br \/>\n318iN43<br \/>\n320iN43<br \/>\n<strong>Serie 5&#039;<\/strong><br \/>\n<strong>E60 restyling<\/strong><br \/>\n520iN43<br \/>\n<strong>E62 restyling<\/strong><br \/>\n520iN43<br \/>\n<strong>F07<\/strong><br \/>\n550iN63N<br \/>\n550iX N63N<br \/>\n550iX 4.0 N63N<br \/>\n550iX 4.4 N63N<br \/>\n<strong>F07 lifting<\/strong><br \/>\n550iN63N<br \/>\n550iX N63N<br \/>\n550iX 4.0 N63N<br \/>\n550iX 4.4 N63N<br \/>\n<strong>F10<\/strong><br \/>\nM5S63N<br \/>\n<strong>Lifting facciale F10<\/strong><br \/>\n550iN63N<br \/>\n550iX N63N<br \/>\n<strong>F11 lifting<\/strong><br \/>\n550iN63N<br \/>\n<strong>Serie 6&#039;<\/strong><br \/>\n<strong>F06<\/strong><br \/>\n650iN63N<br \/>\n650iX N63N<br \/>\n650iX 4.0 N63N<br \/>\n650iX 4.4 N63N<br \/>\nALPINA B6 N62N<br \/>\nM6S63N<br \/>\n<strong>Lifting facciale F06<\/strong><br \/>\n650iN63N<br \/>\n650iX N63N<br \/>\n650iX 4.0 N63N<br \/>\n650iX 4.4 N63N<br \/>\nALPINA B6 N62N<br \/>\n<strong>F12<\/strong><br \/>\n650iN63N<br \/>\n650iX N63N<br \/>\n650iX 4.0 N63N<br \/>\n650iX 4.4 N63N<br \/>\nM6S63N<br \/>\n<strong>F12 lifting<\/strong><br \/>\n650iN63N<br \/>\n650iX N63N<br \/>\n650iX 4.0 N63N<br \/>\n650iX 4.4 N63N<br \/>\n<strong>F13<\/strong><br \/>\n650iN63N<br \/>\n650iX N63N<br \/>\n650iX 4.0 N63N<br \/>\n650iX 4.4 N63N<br \/>\nM6S63N<br \/>\n<strong>F13 restyling<\/strong><br \/>\n650iN63N<br \/>\n650iX N63N<br \/>\n650iX 4.0 N63N<br \/>\n650iX 4.4 N63N<br \/>\n<strong>Serie 7&#039;<\/strong><br \/>\n<strong>F01 lifting facciale<\/strong><br \/>\n750iN63N<br \/>\n750iX N63N<br \/>\nALPINA B7 N63N<br \/>\nALPINA B7X N63N<br \/>\n<strong>F02 lifting facciale<\/strong><br \/>\n750LiN63N<br \/>\n750LiX N63N<br \/>\n750LiX 4.0 N63N<br \/>\n750LiX 4.4 N63N<br \/>\nALPINA B7L N63N<br \/>\nALPINA B7LX N63N<br \/>\n<strong>Serie X5<\/strong><br \/>\n<strong>F15<\/strong><br \/>\nX5 50iX N63N<br \/>\nX5 50iX 4.0 N63N<br \/>\nX5 50iX 4.4 N63N<br \/>\nF85<br \/>\nX5M S63R<br \/>\n<strong>Serie X6<\/strong><br \/>\n<strong>F16<\/strong><br \/>\nX6 50iX N63N<br \/>\nX6 50iX 4.0 N63N<br \/>\nX6 50iX 4.4 N63N<br \/>\n<strong>F86<\/strong><br \/>\nX6M S63R<\/p>\n<p>&nbsp;<\/p>","protected":false},"excerpt":{"rendered":"<p><span style=\"color: #000000;\"><strong>O-ring piccolo (n. 3 in figura) per la tenuta del solenoide per N43 e N63<\/strong><\/span><\/p>\n<p>Questo \u00e8 uno <strong>VITON<\/strong> versione (originale BMW \u00e8 NBR) che \u00e8 pi\u00f9 resistente alle alte temperature e agli influssi chimici.<\/p>\n<p><strong>Numero BMW: 11367561852<\/strong><\/p>\n<p><strong>Adatto per:<\/strong><\/p>\n<p><strong>N43 e N63<br \/>\n<\/strong><\/p>\n<p>Vedere la &quot;descrizione del prodotto&quot; per l&#039;elenco dei veicoli<\/p>","protected":false},"featured_media":336,"comment_status":"open","ping_status":"closed","template":"","meta":[],"product_brand":[],"product_cat":[48,250,34,40,256,21,249],"product_tag":[],"class_list":{"0":"post-458","1":"product","2":"type-product","3":"status-publish","4":"has-post-thumbnail","6":"product_cat-alle-pakkingen-en-diverse","7":"product_cat-alle-revisie-toebehoren","8":"product_cat-n42-n43-n45-n46-n63","9":"product_cat-n42-n43-n45-n46-n63-solenoid","10":"product_cat-n42-43-45-46-62-solenoid-toebehoren","11":"product_cat-pakkingen-toebehoren","12":"product_cat-vanos-revisie-toebehoren","14":"first","15":"instock","16":"taxable","17":"shipping-taxable","18":"purchasable","19":"product-type-simple"},"_links":{"self":[{"href":"https:\/\/vanosrepair.nl\/it\/wp-json\/wp\/v2\/product\/458","targetHints":{"allow":["GET"]}}],"collection":[{"href":"https:\/\/vanosrepair.nl\/it\/wp-json\/wp\/v2\/product"}],"about":[{"href":"https:\/\/vanosrepair.nl\/it\/wp-json\/wp\/v2\/types\/product"}],"replies":[{"embeddable":true,"href":"https:\/\/vanosrepair.nl\/it\/wp-json\/wp\/v2\/comments?post=458"}],"wp:featuredmedia":[{"embeddable":true,"href":"https:\/\/vanosrepair.nl\/it\/wp-json\/wp\/v2\/media\/336"}],"wp:attachment":[{"href":"https:\/\/vanosrepair.nl\/it\/wp-json\/wp\/v2\/media?parent=458"}],"wp:term":[{"taxonomy":"product_brand","embeddable":true,"href":"https:\/\/vanosrepair.nl\/it\/wp-json\/wp\/v2\/product_brand?post=458"},{"taxonomy":"product_cat","embeddable":true,"href":"https:\/\/vanosrepair.nl\/it\/wp-json\/wp\/v2\/product_cat?post=458"},{"taxonomy":"product_tag","embeddable":true,"href":"https:\/\/vanosrepair.nl\/it\/wp-json\/wp\/v2\/product_tag?post=458"}],"curies":[{"name":"wp","href":"https:\/\/api.w.org\/{rel}","templated":true}]}}