{"id":449,"date":"2020-12-29T18:59:26","date_gmt":"2020-12-29T18:59:26","guid":{"rendered":"https:\/\/vanosrepair.skyberatedev.nl\/product\/grote-o-ring-solenoid-n42-n45-n46-11367506178\/"},"modified":"2025-10-20T06:21:54","modified_gmt":"2025-10-20T06:21:54","slug":"11367506178-grote-o-ring-solenoid-n42-n45-n46","status":"publish","type":"product","link":"https:\/\/vanosrepair.nl\/it\/shop\/vanos-revisie-sets\/alle-beisan-revisie-sets\/n42-n43-n45-n46-n63\/11367506178-grote-o-ring-solenoid-n42-n45-n46\/","title":{"rendered":"11367506178 - Solenoide O-ring grande N42 N45 N46"},"content":{"rendered":"<p>Applicando questo speciale <strong>VITON<\/strong> O-ring, sei certo che il solenoide sigilli di nuovo correttamente.<\/p>\n<p><strong>Numero BMW: 11367506178<\/strong><\/p>\n<p><strong>ATTENZIONE:<\/strong> ogni solenoide ha 2 O-ring (piccolo e grande). Questo \u00e8 il grande O-ring. \u00c8 inoltre necessario ordinare l&#039;O-ring piccolo (11361439705 o 1136754379)<\/p>","protected":false},"excerpt":{"rendered":"<p><span style=\"color: #000000;\"><strong>Grande O-ring per la tenuta del solenoide per N42 N45 e N46<\/strong><\/span><\/p>\n<p>Questo \u00e8 uno <strong>VITON<\/strong> versione (originale BMW \u00e8 NBR) che \u00e8 pi\u00f9 resistente alle alte temperature e agli influssi chimici.<\/p>\n<p><strong>Numero BMW: 11367506178<\/strong><\/p>\n<p><strong>Adatto per:<\/strong><\/p>\n<p><strong>N42<br \/>\nN45<br \/>\nN46\u00a0<\/strong><\/p>","protected":false},"featured_media":318,"comment_status":"open","ping_status":"closed","template":"","meta":[],"product_brand":[],"product_cat":[48,250,34,40,256,21,249],"product_tag":[],"class_list":{"0":"post-449","1":"product","2":"type-product","3":"status-publish","4":"has-post-thumbnail","6":"product_cat-alle-pakkingen-en-diverse","7":"product_cat-alle-revisie-toebehoren","8":"product_cat-n42-n43-n45-n46-n63","9":"product_cat-n42-n43-n45-n46-n63-solenoid","10":"product_cat-n42-43-45-46-62-solenoid-toebehoren","11":"product_cat-pakkingen-toebehoren","12":"product_cat-vanos-revisie-toebehoren","14":"first","15":"instock","16":"taxable","17":"shipping-taxable","18":"purchasable","19":"product-type-simple"},"_links":{"self":[{"href":"https:\/\/vanosrepair.nl\/it\/wp-json\/wp\/v2\/product\/449","targetHints":{"allow":["GET"]}}],"collection":[{"href":"https:\/\/vanosrepair.nl\/it\/wp-json\/wp\/v2\/product"}],"about":[{"href":"https:\/\/vanosrepair.nl\/it\/wp-json\/wp\/v2\/types\/product"}],"replies":[{"embeddable":true,"href":"https:\/\/vanosrepair.nl\/it\/wp-json\/wp\/v2\/comments?post=449"}],"wp:featuredmedia":[{"embeddable":true,"href":"https:\/\/vanosrepair.nl\/it\/wp-json\/wp\/v2\/media\/318"}],"wp:attachment":[{"href":"https:\/\/vanosrepair.nl\/it\/wp-json\/wp\/v2\/media?parent=449"}],"wp:term":[{"taxonomy":"product_brand","embeddable":true,"href":"https:\/\/vanosrepair.nl\/it\/wp-json\/wp\/v2\/product_brand?post=449"},{"taxonomy":"product_cat","embeddable":true,"href":"https:\/\/vanosrepair.nl\/it\/wp-json\/wp\/v2\/product_cat?post=449"},{"taxonomy":"product_tag","embeddable":true,"href":"https:\/\/vanosrepair.nl\/it\/wp-json\/wp\/v2\/product_tag?post=449"}],"curies":[{"name":"wp","href":"https:\/\/api.w.org\/{rel}","templated":true}]}}