{"id":479,"date":"2020-12-29T18:59:41","date_gmt":"2020-12-29T18:59:41","guid":{"rendered":"https:\/\/vanosrepair.skyberatedev.nl\/product\/vanosrepair-dubbel-vanos-seals-revisie-set\/"},"modified":"2022-07-16T13:11:54","modified_gmt":"2022-07-16T13:11:54","slug":"m52b20-m52b25-m52b28-m54b22-m54b25-m54b30-vanosrepair-dubbel-vanos-seals-revisie-set","status":"publish","type":"product","link":"https:\/\/vanosrepair.nl\/fr\/shop\/vanosrepair-revisie-sets\/m52b20-m52b25-m52b28-m54b22-m54b25-m54b30-vanosrepair-dubbel-vanos-seals-revisie-set\/","title":{"rendered":"M52B20 - M52B25 - M52B28 - M54B22 - M54B25 - M54B30 ..."},"content":{"rendered":"<p>Produit sous notre propre drapeau, ce jeu de r\u00e9vision des doubles joints VANOS est fabriqu\u00e9 avec le plus grand soin aux Pays-Bas \u00e0 partir de mat\u00e9riaux de la plus haute qualit\u00e9.<\/p>\n<p>Par cons\u00e9quent, Vanosrepair peut garantir que le r\u00e9sultat de votre r\u00e9paration sera parfait et qu'apr\u00e8s des ann\u00e9es et de nombreux kilom\u00e8tres parcourus, vous pouvez vous attendre \u00e0 des performances ininterrompues de votre VANOS. Ce qui n'est malheureusement pas le cas chez de nombreux autres fournisseurs.<\/p>\n<p>Nous recommandons \u00e9galement de monter les bagues anti-cliquetis am\u00e9lior\u00e9es lors de la r\u00e9paration, ce qui permet aux plongeurs du VANOS de se connecter sans jeu \u00e0 l'arbre \u00e0 cames. Le montage du kit anti-cliquetis r\u00e9duit le bruit du moteur (cliquetis) et prolonge la dur\u00e9e de vie du VANOS.<\/p>\n<p><strong>Convient \u00e0 TOUTES les vannes doubles d'un M52TU et d'un M54.<\/strong><\/p>\n<table>\n<tbody>\n<tr>\n<td>3 (E36) 323ti Compact<\/td>\n<td><strong>Double Vanos<\/strong><\/td>\n<td>1999 - 2001<\/td>\n<td>M52 B25 TU<\/td>\n<td>125kW<\/td>\n<\/tr>\n<tr>\n<td>3 (E46) 320i, Ci<\/td>\n<td><strong>Double Vanos<\/strong><\/td>\n<td>1998 - 2001<\/td>\n<td>M52 B20 TU<\/td>\n<td>110kW<\/td>\n<\/tr>\n<tr>\n<td>3 (E46) 320i, Ci<\/td>\n<td><strong>Double Vanos<\/strong><\/td>\n<td>2000 - 2006<\/td>\n<td>M54 B22<\/td>\n<td>125kW<\/td>\n<\/tr>\n<tr>\n<td>3 (E46) 323i, Ci<\/td>\n<td><strong>Double Vanos<\/strong><\/td>\n<td>1998 - 2001<\/td>\n<td>M52 B25 TU<\/td>\n<td>125kW<\/td>\n<\/tr>\n<tr>\n<td>3 (E46) 325i, Ci<\/td>\n<td><strong>Double Vanos<\/strong><\/td>\n<td>2000 - 2006<\/td>\n<td>M54 B25<\/td>\n<td>141kW<\/td>\n<\/tr>\n<tr>\n<td>3 (E46) 325ti<\/td>\n<td><strong>Double Vanos<\/strong><\/td>\n<td>2000 - 2005<\/td>\n<td>M54 B25<\/td>\n<td>141kW<\/td>\n<\/tr>\n<tr>\n<td>3 (E46) 325xi<\/td>\n<td><strong>Double Vanos<\/strong><\/td>\n<td>2000 - 2006<\/td>\n<td>M54 B25<\/td>\n<td>141kW<\/td>\n<\/tr>\n<tr>\n<td>3 (E46) 328i, Ci<\/td>\n<td><strong>Double Vanos<\/strong><\/td>\n<td>1998 - 2001<\/td>\n<td>M52 B28 TU<\/td>\n<td>142kW<\/td>\n<\/tr>\n<tr>\n<td>3 (E46) 330i, Ci<\/td>\n<td><strong>Double Vanos<\/strong><\/td>\n<td>2000 - 2006<\/td>\n<td>M54 B30<\/td>\n<td>170kW<\/td>\n<\/tr>\n<tr>\n<td>3 (E46) 330xi<\/td>\n<td><strong>Double Vanos<\/strong><\/td>\n<td>2000 - 2006<\/td>\n<td>M54 B30<\/td>\n<td>170kW<\/td>\n<\/tr>\n<tr>\n<td>5 (E39) 520i<\/td>\n<td><strong>Double Vanos<\/strong><\/td>\n<td>1998 - 2003<\/td>\n<td>M52 B20 TU (206S4)<\/td>\n<td>110kW<\/td>\n<\/tr>\n<tr>\n<td>5 (E39) 520i<\/td>\n<td><strong>Double Vanos<\/strong><\/td>\n<td>1998 - 1999<\/td>\n<td>M52 B20 TU (206S4)<\/td>\n<td>100kW<\/td>\n<\/tr>\n<tr>\n<td>5 (E39) 520i<\/td>\n<td><strong>Double Vanos<\/strong><\/td>\n<td>2000 - 2004<\/td>\n<td>M54 B22 (226S1)<\/td>\n<td>125kW<\/td>\n<\/tr>\n<tr>\n<td>5 (E39) 523i<\/td>\n<td><strong>Double Vanos<\/strong><\/td>\n<td>1998 - 2003<\/td>\n<td>M52 B25 TU (256S4)<\/td>\n<td>125kW<\/td>\n<\/tr>\n<tr>\n<td>5 (E39) 525i<\/td>\n<td><strong>Double Vanos<\/strong><\/td>\n<td>2000 - 2004<\/td>\n<td>M54 B25 (256S5)<\/td>\n<td>141kW<\/td>\n<\/tr>\n<tr>\n<td>5 (E39) 528i<\/td>\n<td><strong>Double Vanos<\/strong><\/td>\n<td>1998 - 2001<\/td>\n<td>M52 B28 TU (286S2)<\/td>\n<td>142kW<\/td>\n<\/tr>\n<tr>\n<td>5 (E39) 530i<\/td>\n<td><strong>Double Vanos<\/strong><\/td>\n<td>2000 - 2004<\/td>\n<td>M54 B30 (306S3)<\/td>\n<td>170kW<\/td>\n<\/tr>\n<tr>\n<td>5 (E60, E61) 520i<\/td>\n<td><strong>Double Vanos<\/strong><\/td>\n<td>2003 - 2005<\/td>\n<td>M54 B22<\/td>\n<td>125kW<\/td>\n<\/tr>\n<tr>\n<td>5 (E60, E61) 525i<\/td>\n<td><strong>Double Vanos<\/strong><\/td>\n<td>2003 - 2005<\/td>\n<td>M54 B25<\/td>\n<td>141kW<\/td>\n<\/tr>\n<tr>\n<td>5 (E60, E61) 530i<\/td>\n<td><strong>Double Vanos<\/strong><\/td>\n<td>2003 - 2005<\/td>\n<td>M54 B30<\/td>\n<td>170kW<\/td>\n<\/tr>\n<tr>\n<td>7 (E38) 728i, iL<\/td>\n<td><strong>Double Vanos<\/strong><\/td>\n<td>1998 - 2001<\/td>\n<td>M52 B28 TU<\/td>\n<td>142kW<\/td>\n<\/tr>\n<tr>\n<td>7 (E65, E66) 730i, Li<\/td>\n<td><strong>Double Vanos<\/strong><\/td>\n<td>2002 - 2005<\/td>\n<td>M54 B30<\/td>\n<td>170kW<\/td>\n<\/tr>\n<tr>\n<td>X3 (E83) 2.5i<\/td>\n<td><strong>Double Vanos<\/strong><\/td>\n<td>2004 - 2007<\/td>\n<td>M54 B25<\/td>\n<td>141kW<\/td>\n<\/tr>\n<tr>\n<td>X3 (E83) 3.0i<\/td>\n<td><strong>Double Vanos<\/strong><\/td>\n<td>2004 - 2007<\/td>\n<td>M54 B30<\/td>\n<td>170kW<\/td>\n<\/tr>\n<tr>\n<td>X5 (E53) 3.0i<\/td>\n<td><strong>Double Vanos<\/strong><\/td>\n<td>2000 - 2007<\/td>\n<td>M54 B30<\/td>\n<td>170kW<\/td>\n<\/tr>\n<tr>\n<td>Z3 (E36) 2.0i<\/td>\n<td><strong>Double Vanos<\/strong><\/td>\n<td>1999 - 2001<\/td>\n<td>M52 B20 TU<\/td>\n<td>110kW<\/td>\n<\/tr>\n<tr>\n<td>Z3 (E36) 2.2i<\/td>\n<td><strong>Double Vanos<\/strong><\/td>\n<td>2000 - 2002<\/td>\n<td>M54 B22<\/td>\n<td>125kW<\/td>\n<\/tr>\n<tr>\n<td>Z3 (E36) 2.8i<\/td>\n<td><strong>Double Vanos<\/strong><\/td>\n<td>1998 - 2001<\/td>\n<td>M52 B28 TU<\/td>\n<td>142kW<\/td>\n<\/tr>\n<tr>\n<td>Z3 (E36) 3.0i<\/td>\n<td><strong>Double Vanos<\/strong><\/td>\n<td>2000 - 2002<\/td>\n<td>M54 B30<\/td>\n<td>170kW<\/td>\n<\/tr>\n<tr>\n<td>Z4 (E85, E86) 2.2i<\/td>\n<td><strong>Double Vanos<\/strong><\/td>\n<td>2003 - 2007<\/td>\n<td>M54 B22<\/td>\n<td>125kW<\/td>\n<\/tr>\n<tr>\n<td>Z4 (E85, E86) 2.5i<\/td>\n<td><strong>Double Vanos<\/strong><\/td>\n<td>2003 - 2009<\/td>\n<td>M54 B25<\/td>\n<td>141kW<\/td>\n<\/tr>\n<tr>\n<td>Z4 (E85, E86) 3.0i<\/td>\n<td><strong>Double Vanos<\/strong><\/td>\n<td>2003 - 2007<\/td>\n<td>M54 B30<\/td>\n<td>170kW<\/td>\n<\/tr>\n<\/tbody>\n<\/table>","protected":false},"excerpt":{"rendered":"<p><strong>Kit de r\u00e9vision des joints VanosRepair double VANOS.<\/strong><\/p>\n<p>\u2713 Convient \u00e0 tout VANOS double des E38, E39, E46, E53, E60, E61, E65, E66, E83<\/p>\n<p><strong>Code moteur : M52TU et M54<\/strong><\/p>\n<p><strong>R\u00e9f\u00e9rence originale : 11361440142 ou 11361440134<\/strong><\/p>\n<p>\u2713 Emball\u00e9 et scell\u00e9 sur du carton afin que les joints restent plats et prot\u00e9g\u00e9s.<\/p>","protected":false},"featured_media":809,"comment_status":"open","ping_status":"closed","template":"","meta":[],"product_brand":[],"product_cat":[18],"product_tag":[],"class_list":{"0":"post-479","1":"product","2":"type-product","3":"status-publish","4":"has-post-thumbnail","6":"product_cat-vanosrepair-revisie-sets","7":"pa_motorcodes-m52-b20","8":"pa_motorcodes-m52-b25","9":"pa_motorcodes-m52-b28","10":"pa_motorcodes-m54-b22","11":"pa_motorcodes-m54-b25","12":"pa_motorcodes-m54-b30","14":"first","15":"instock","16":"featured","17":"taxable","18":"shipping-taxable","19":"purchasable","20":"product-type-simple"},"_links":{"self":[{"href":"https:\/\/vanosrepair.nl\/fr\/wp-json\/wp\/v2\/product\/479","targetHints":{"allow":["GET"]}}],"collection":[{"href":"https:\/\/vanosrepair.nl\/fr\/wp-json\/wp\/v2\/product"}],"about":[{"href":"https:\/\/vanosrepair.nl\/fr\/wp-json\/wp\/v2\/types\/product"}],"replies":[{"embeddable":true,"href":"https:\/\/vanosrepair.nl\/fr\/wp-json\/wp\/v2\/comments?post=479"}],"wp:featuredmedia":[{"embeddable":true,"href":"https:\/\/vanosrepair.nl\/fr\/wp-json\/wp\/v2\/media\/809"}],"wp:attachment":[{"href":"https:\/\/vanosrepair.nl\/fr\/wp-json\/wp\/v2\/media?parent=479"}],"wp:term":[{"taxonomy":"product_brand","embeddable":true,"href":"https:\/\/vanosrepair.nl\/fr\/wp-json\/wp\/v2\/product_brand?post=479"},{"taxonomy":"product_cat","embeddable":true,"href":"https:\/\/vanosrepair.nl\/fr\/wp-json\/wp\/v2\/product_cat?post=479"},{"taxonomy":"product_tag","embeddable":true,"href":"https:\/\/vanosrepair.nl\/fr\/wp-json\/wp\/v2\/product_tag?post=479"}],"curies":[{"name":"wp","href":"https:\/\/api.w.org\/{rel}","templated":true}]}}