{"id":473,"date":"2020-12-29T18:59:38","date_gmt":"2020-12-29T18:59:38","guid":{"rendered":"https:\/\/vanosrepair.skyberatedev.nl\/product\/s54-nokkenas-tandwiel-boutenset-sterkte-12-9\/"},"modified":"2022-07-16T13:21:12","modified_gmt":"2022-07-16T13:21:12","slug":"s54b32-nokkenas-tandwiel-boutenset-sterkte-12-9","status":"publish","type":"product","link":"https:\/\/vanosrepair.nl\/fr\/shop\/vanos-revisie-sets\/alle-beisan-revisie-sets\/e46-m3-s54-vanos-totaal\/s54b32-nokkenas-tandwiel-boutenset-sterkte-12-9\/","title":{"rendered":"S54B32 - Jeu de boulons de l'arbre \u00e0 cames force 12.9"},"content":{"rendered":"<p><strong>12 boulons extra forts pour les deux engrenages de l'arbre \u00e0 cames -&gt; r\u00e9sistance \u00e0 la rupture 12.9 (au lieu de 8.8)<\/strong><\/p>\n<p><strong>Couple de serrage : 12Nm<\/strong><\/p>\n<p>convient pour :<\/p>\n<table>\n<tbody>\n<tr>\n<td>M3 (E46)<\/td>\n<td>S54 Vanos<\/td>\n<td>2000 - 2007<\/td>\n<td>S54 B32<\/td>\n<td>252 kW<\/td>\n<\/tr>\n<tr>\n<td>M3 (E46) CSL<\/td>\n<td>S54 Vanos<\/td>\n<td>2003 - 2006<\/td>\n<td>S54 B32<\/td>\n<td>265 kW<\/td>\n<\/tr>\n<tr>\n<td>Z3 (E36) M<\/td>\n<td>S54 Vanos<\/td>\n<td>2000 - 2002<\/td>\n<td>S54 B32<\/td>\n<td>239 kW<\/td>\n<\/tr>\n<tr>\n<td>Z4 (E85 - E86) M<\/td>\n<td>S54 Vanos<\/td>\n<td>2006 - 2009<\/td>\n<td>S54 B32<\/td>\n<td>252 kW<\/td>\n<\/tr>\n<\/tbody>\n<\/table>","protected":false},"excerpt":{"rendered":"<p><strong>Jeu de boulons extra forts pour les pignons d'arbre \u00e0 cames S54 (12 pi\u00e8ces, force 12.9)<\/strong><\/p>\n<p><strong>Couple de serrage : 12Nm<\/strong><\/p>\n<p>convient pour :<\/p>\n<table>\n<tbody>\n<tr>\n<td>S54 VANOS<\/td>\n<td>2000 - 2009<\/td>\n<\/tr>\n<\/tbody>\n<\/table>","protected":false},"featured_media":995,"comment_status":"open","ping_status":"closed","template":"","meta":[],"product_brand":[],"product_cat":[48,250,31,38,21,253,249],"product_tag":[],"class_list":{"0":"post-473","1":"product","2":"type-product","3":"status-publish","4":"has-post-thumbnail","6":"product_cat-alle-pakkingen-en-diverse","7":"product_cat-alle-revisie-toebehoren","8":"product_cat-e46-m3-s54-vanos-totaal","9":"product_cat-m3-s54-vanos","10":"product_cat-pakkingen-toebehoren","11":"product_cat-s54-vanos-toebehoren","12":"product_cat-vanos-revisie-toebehoren","13":"pa_motorcodes-s54-b32","15":"first","16":"instock","17":"taxable","18":"shipping-taxable","19":"purchasable","20":"product-type-simple"},"_links":{"self":[{"href":"https:\/\/vanosrepair.nl\/fr\/wp-json\/wp\/v2\/product\/473","targetHints":{"allow":["GET"]}}],"collection":[{"href":"https:\/\/vanosrepair.nl\/fr\/wp-json\/wp\/v2\/product"}],"about":[{"href":"https:\/\/vanosrepair.nl\/fr\/wp-json\/wp\/v2\/types\/product"}],"replies":[{"embeddable":true,"href":"https:\/\/vanosrepair.nl\/fr\/wp-json\/wp\/v2\/comments?post=473"}],"wp:featuredmedia":[{"embeddable":true,"href":"https:\/\/vanosrepair.nl\/fr\/wp-json\/wp\/v2\/media\/995"}],"wp:attachment":[{"href":"https:\/\/vanosrepair.nl\/fr\/wp-json\/wp\/v2\/media?parent=473"}],"wp:term":[{"taxonomy":"product_brand","embeddable":true,"href":"https:\/\/vanosrepair.nl\/fr\/wp-json\/wp\/v2\/product_brand?post=473"},{"taxonomy":"product_cat","embeddable":true,"href":"https:\/\/vanosrepair.nl\/fr\/wp-json\/wp\/v2\/product_cat?post=473"},{"taxonomy":"product_tag","embeddable":true,"href":"https:\/\/vanosrepair.nl\/fr\/wp-json\/wp\/v2\/product_tag?post=473"}],"curies":[{"name":"wp","href":"https:\/\/api.w.org\/{rel}","templated":true}]}}