{"id":472,"date":"2020-12-29T18:59:38","date_gmt":"2020-12-29T18:59:38","guid":{"rendered":"https:\/\/vanosrepair.skyberatedev.nl\/product\/s54-vanos-upgrade-set\/"},"modified":"2026-04-03T15:50:20","modified_gmt":"2026-04-03T15:50:20","slug":"s54b32-vanos-upgrade-set","status":"publish","type":"product","link":"https:\/\/vanosrepair.nl\/fr\/shop\/vanos-revisie-sets\/alle-beisan-revisie-sets\/e46-m3-s54-vanos-totaal\/s54b32-vanos-upgrade-set\/","title":{"rendered":"S54B32 - Kit de mise \u00e0 niveau VANOS"},"content":{"rendered":"<p><strong>Ce kit de mise \u00e0 niveau du S54 est destin\u00e9 aux enthousiastes qui veulent vraiment bien faire les choses !<\/strong><\/p>\n<p>Cet ensemble de mise \u00e0 niveau se compose de :<\/p>\n<p>\u2713 Le <strong>2 jeux de ressorts de groupe de pression\/disque<\/strong> dans une version pond\u00e9r\u00e9e de la E39 M5 (moteur S62) -&gt; VANOS devient encore plus silencieux<br \/>\n\u2713 <strong>12 boulons extra forts<\/strong> pour les deux pignons de l'arbre \u00e0 cames -&gt; r\u00e9sistance \u00e0 la rupture 12.9 (au lieu de 8.8)<br \/>\n\u2713<strong> Freineur de filets<\/strong> (fort) pour emp\u00eacher le desserrage des boulons (le desserrage est un d\u00e9faut, avec toutes ses cons\u00e9quences)<\/p>\n<p>Couple de serrage : 12Nm<\/p>\n<p><strong>Ce produit convient pour :<\/strong><\/p>\n<table>\n<tbody>\n<tr>\n<td>M3 (E46)<\/td>\n<td>S54 Vanos<\/td>\n<td>2000 - 2007<\/td>\n<td>S54 B32<\/td>\n<td>252 kW<\/td>\n<\/tr>\n<tr>\n<td>M3 (E46) CSL<\/td>\n<td>S54 Vanos<\/td>\n<td>2003 - 2006<\/td>\n<td>S54 B32<\/td>\n<td>265 kW<\/td>\n<\/tr>\n<tr>\n<td>Z3 (E36) M<\/td>\n<td>S54 Vanos<\/td>\n<td>2000 - 2002<\/td>\n<td>S54 B32<\/td>\n<td>239 kW<\/td>\n<\/tr>\n<tr>\n<td>Z4 (E85 - E86) M<\/td>\n<td>S54 Vanos<\/td>\n<td>2006 - 2009<\/td>\n<td>S54 B32<\/td>\n<td>252 kW<\/td>\n<\/tr>\n<\/tbody>\n<\/table>","protected":false},"excerpt":{"rendered":"<p><span style=\"color: #000000;\"><strong>Kit de mise \u00e0 niveau S54 VANOS pour les vrais passionn\u00e9s et un r\u00e9sultat final parfait !<\/strong><\/span><\/p>\n<p>Ce kit de mise \u00e0 niveau compl\u00e9tera vraiment votre r\u00e9paration\/r\u00e9paration.<\/p>\n<p><strong>L'ensemble comprend :<\/strong><\/p>\n<p><strong>\u2713 Jeu de boulons extra fort (r\u00e9sistance 12.9)<\/strong><\/p>\n<p><strong>\u2713 Frein-filet contre le desserrage des boulons.<\/strong><\/p>\n<p><strong>\u2713 Jeu de ressorts de plateau lest\u00e9 provenant du S62 qui rendra le S54 encore plus silencieux et le maintiendra ainsi.<\/strong><\/p>\n<p>Si vous effectuez cette mise \u00e0 niveau (parall\u00e8lement \u00e0 la r\u00e9vision de votre VANOS), vous \u00eates assur\u00e9 d'un r\u00e9sultat final parfait.<\/p>\n<p>Couple de serrage : 12Nm<\/p>\n<p><strong>convient pour :<\/strong><\/p>\n<table>\n<tbody>\n<tr>\n<td><strong>S54 VANOS<\/strong><\/td>\n<td><strong>2000 - 2009<\/strong><\/td>\n<\/tr>\n<\/tbody>\n<\/table>","protected":false},"featured_media":364,"comment_status":"open","ping_status":"closed","template":"","meta":[],"product_brand":[],"product_cat":[48,250,31,38,21,253,249,20],"product_tag":[],"class_list":{"0":"post-472","1":"product","2":"type-product","3":"status-publish","4":"has-post-thumbnail","6":"product_cat-alle-pakkingen-en-diverse","7":"product_cat-alle-revisie-toebehoren","8":"product_cat-e46-m3-s54-vanos-totaal","9":"product_cat-m3-s54-vanos","10":"product_cat-pakkingen-toebehoren","11":"product_cat-s54-vanos-toebehoren","12":"product_cat-vanos-revisie-toebehoren","13":"product_cat-vanos-voordeel-sets","14":"pa_motorcodes-s54-b32","16":"first","17":"instock","18":"sale","19":"taxable","20":"shipping-taxable","21":"purchasable","22":"product-type-simple"},"_links":{"self":[{"href":"https:\/\/vanosrepair.nl\/fr\/wp-json\/wp\/v2\/product\/472","targetHints":{"allow":["GET"]}}],"collection":[{"href":"https:\/\/vanosrepair.nl\/fr\/wp-json\/wp\/v2\/product"}],"about":[{"href":"https:\/\/vanosrepair.nl\/fr\/wp-json\/wp\/v2\/types\/product"}],"replies":[{"embeddable":true,"href":"https:\/\/vanosrepair.nl\/fr\/wp-json\/wp\/v2\/comments?post=472"}],"wp:featuredmedia":[{"embeddable":true,"href":"https:\/\/vanosrepair.nl\/fr\/wp-json\/wp\/v2\/media\/364"}],"wp:attachment":[{"href":"https:\/\/vanosrepair.nl\/fr\/wp-json\/wp\/v2\/media?parent=472"}],"wp:term":[{"taxonomy":"product_brand","embeddable":true,"href":"https:\/\/vanosrepair.nl\/fr\/wp-json\/wp\/v2\/product_brand?post=472"},{"taxonomy":"product_cat","embeddable":true,"href":"https:\/\/vanosrepair.nl\/fr\/wp-json\/wp\/v2\/product_cat?post=472"},{"taxonomy":"product_tag","embeddable":true,"href":"https:\/\/vanosrepair.nl\/fr\/wp-json\/wp\/v2\/product_tag?post=472"}],"curies":[{"name":"wp","href":"https:\/\/api.w.org\/{rel}","templated":true}]}}