{"id":462,"date":"2020-12-29T18:59:31","date_gmt":"2020-12-29T18:59:31","guid":{"rendered":"https:\/\/vanosrepair.skyberatedev.nl\/product\/stuurbekrachtiging-reservoir-dop-o-ring\/"},"modified":"2024-10-03T13:05:15","modified_gmt":"2024-10-03T13:05:15","slug":"stuurbekrachtiging-reservoir-dop-o-ring","status":"publish","type":"product","link":"https:\/\/vanosrepair.nl\/fr\/shop\/pakkingen-toebehoren\/alle-pakkingen-en-diverse\/stuurbekrachtiging-reservoir-dop-o-ring\/","title":{"rendered":"Joint torique du bouchon du r\u00e9servoir de la direction assist\u00e9e"},"content":{"rendered":"<p><strong>Joint torique en VITON am\u00e9lior\u00e9 pour le r\u00e9servoir de direction assist\u00e9e de votre BMW ou MINI\u00a0<\/strong><\/p>\n<p>&nbsp;<\/p>","protected":false},"excerpt":{"rendered":"<p><strong><strong>VITON Joint torique pour le capuchon de s<\/strong>r\u00e9servoir de direction assist\u00e9e\u00a0<\/strong><\/p>\n<p>Toute personne poss\u00e9dant une BMW conna\u00eet le probl\u00e8me d'un bouchon d'huile de direction assist\u00e9e qui fuit ou qui transpire.... un d\u00e9sagr\u00e9ment pour beaucoup !<\/p>\n<p>Un joint torique plat et durci est la cause de la perte d'\u00e9tanch\u00e9it\u00e9 du bouchon.<\/p>\n<p>En rempla\u00e7ant le joint torique par un <strong>version nouvelle et am\u00e9lior\u00e9e (VITON)<\/strong>Les fuites et la transpiration font partie du pass\u00e9 et l'\u00e9tanch\u00e9it\u00e9 restera bonne \u00e0 l'avenir.<\/p>\n<p>Convient \u00e0 tous les mod\u00e8les \u00e9num\u00e9r\u00e9s dans la \"description du produit\".<\/p>","protected":false},"featured_media":972,"comment_status":"open","ping_status":"closed","template":"","meta":[],"product_brand":[],"product_cat":[48,23,36,35,37,38,39,40,21],"product_tag":[],"class_list":{"0":"post-462","1":"product","2":"type-product","3":"status-publish","4":"has-post-thumbnail","6":"product_cat-alle-pakkingen-en-diverse","7":"product_cat-diverse","8":"product_cat-dubbele-vanos-m52tu-m54-pakkingen-toebehoren","9":"product_cat-enkele-vanos-m50tu-52","10":"product_cat-m3-euro-s50-vanos","11":"product_cat-m3-s54-vanos","12":"product_cat-m5-s62-vanos","13":"product_cat-n42-n43-n45-n46-n63-solenoid","14":"product_cat-pakkingen-toebehoren","16":"first","17":"instock","18":"taxable","19":"shipping-taxable","20":"purchasable","21":"product-type-simple"},"_links":{"self":[{"href":"https:\/\/vanosrepair.nl\/fr\/wp-json\/wp\/v2\/product\/462","targetHints":{"allow":["GET"]}}],"collection":[{"href":"https:\/\/vanosrepair.nl\/fr\/wp-json\/wp\/v2\/product"}],"about":[{"href":"https:\/\/vanosrepair.nl\/fr\/wp-json\/wp\/v2\/types\/product"}],"replies":[{"embeddable":true,"href":"https:\/\/vanosrepair.nl\/fr\/wp-json\/wp\/v2\/comments?post=462"}],"wp:featuredmedia":[{"embeddable":true,"href":"https:\/\/vanosrepair.nl\/fr\/wp-json\/wp\/v2\/media\/972"}],"wp:attachment":[{"href":"https:\/\/vanosrepair.nl\/fr\/wp-json\/wp\/v2\/media?parent=462"}],"wp:term":[{"taxonomy":"product_brand","embeddable":true,"href":"https:\/\/vanosrepair.nl\/fr\/wp-json\/wp\/v2\/product_brand?post=462"},{"taxonomy":"product_cat","embeddable":true,"href":"https:\/\/vanosrepair.nl\/fr\/wp-json\/wp\/v2\/product_cat?post=462"},{"taxonomy":"product_tag","embeddable":true,"href":"https:\/\/vanosrepair.nl\/fr\/wp-json\/wp\/v2\/product_tag?post=462"}],"curies":[{"name":"wp","href":"https:\/\/api.w.org\/{rel}","templated":true}]}}