{"id":432,"date":"2020-12-29T18:59:19","date_gmt":"2020-12-29T18:59:19","guid":{"rendered":"https:\/\/vanosrepair.skyberatedev.nl\/product\/beisan-systems-s54-vanos-anti-ratel-reparatie-set\/"},"modified":"2022-07-20T18:24:01","modified_gmt":"2022-07-20T18:24:01","slug":"s54b32-beisan-systems-vanos-anti-ratel-reparatie-set","status":"publish","type":"product","link":"https:\/\/vanosrepair.nl\/fr\/shop\/vanos-revisie-sets\/alle-beisan-revisie-sets\/e46-m3-s54-vanos-totaal\/s54b32-beisan-systems-vanos-anti-ratel-reparatie-set\/","title":{"rendered":"S54B32 - Kit de r\u00e9paration anti-cliquetis Beisan Systems VANOS"},"content":{"rendered":"<p><strong>Ce kit de r\u00e9paration anti-cliquetis Beisan Systems est adapt\u00e9 \u00e0 la r\u00e9vision d'un VANOS S54.<\/strong><\/p>\n<p><strong>Avec ce kit de r\u00e9vision, vous pouvez r\u00e9viser les deux arbres de transmission !<\/strong><\/p>\n<p>En appliquant ce kit, le jeu de roulement de votre VANOS devient parfait et il fonctionnera \u00e0 nouveau silencieusement.<\/p>\n<p>NOTE : Pour cette r\u00e9paration, vous aurez besoin de l'outil sp\u00e9cial\u00a0<a title=\"Outil anti-cliquetis S54 \/ S62 VANOS\" href=\"https:\/\/vanosrepair.nl\/fr\/bmw-vanos-revisie-gereedschap\/beisan-systems-s54-s62-anti-ratel-rattle-speciaal-gereedschap.html\/\"><strong>Outil de cr\u00e9celle S54\/S62<\/strong><\/a>\u00a0n\u00e9cessaire.<\/p>\n<p>CONSEIL : lors de la r\u00e9vision, installez \u00e9galement le kit de r\u00e9paration des joints des syst\u00e8mes Beisan pour que votre VANOS soit \u00e0 nouveau comme neuve.<\/p>\n<p>Les instructions d'installation se trouvent sur la page\u00a0<a href=\"https:\/\/vanosrepair.nl\/fr\/vanos-revsie-manuals.html\/\"><strong>manuels<\/strong><\/a><\/p>\n<p><strong>Ce produit convient pour :<\/strong><\/p>\n<table width=\"475\">\n<tbody>\n<tr>\n<td width=\"182\">3 (E46) M3<\/td>\n<td width=\"79\"><strong>S54 Vanos<\/strong><\/td>\n<td width=\"87\">2000 - 2007<\/td>\n<td width=\"68\">S54 B32<\/td>\n<td width=\"59\">252kW<\/td>\n<\/tr>\n<tr>\n<td width=\"182\">3 (E46) M3 CSL<\/td>\n<td width=\"79\"><strong>S54 Vanos<\/strong><\/td>\n<td width=\"87\">2003 - 2006<\/td>\n<td width=\"68\">S54 B32<\/td>\n<td width=\"59\">265kW<\/td>\n<\/tr>\n<tr>\n<td width=\"182\">Z3 (E36) M Roadster\/Coupe<\/td>\n<td width=\"79\"><strong>S54 Vanos<\/strong><\/td>\n<td width=\"87\">2000 - 2002<\/td>\n<td width=\"68\">S54 B32<\/td>\n<td width=\"59\">239kW<\/td>\n<\/tr>\n<tr>\n<td width=\"182\">Z4 (E85, E86) M Coup\u00e9<\/td>\n<td width=\"79\"><strong>S54 Vanos<\/strong><\/td>\n<td width=\"87\">2006 - 2009<\/td>\n<td width=\"68\">S54 B32<\/td>\n<td width=\"59\">252kW<\/td>\n<\/tr>\n<\/tbody>\n<\/table>","protected":false},"excerpt":{"rendered":"<p><span style=\"color: #000000;\"><strong>Kit de r\u00e9paration anti-cliquetis S54 VANOS de la c\u00e9l\u00e8bre marque Beisan Systems.<\/strong><\/span><\/p>\n<p>Si votre VANOS est r\u00e9vis\u00e9 \u00e0 l'aide de ce kit de r\u00e9paration de joints, il sera comme neuf et fonctionnera de mani\u00e8re optimale.<\/p>\n<p><strong>convient pour :<\/strong><\/p>\n<table>\n<tbody>\n<tr>\n<td><strong>S54B32<\/strong><\/td>\n<td><strong>2000-2009<\/strong><\/td>\n<\/tr>\n<\/tbody>\n<\/table>","protected":false},"featured_media":883,"comment_status":"open","ping_status":"closed","template":"","meta":[],"product_brand":[],"product_cat":[27,31,19],"product_tag":[],"class_list":{"0":"post-432","1":"product","2":"type-product","3":"status-publish","4":"has-post-thumbnail","6":"product_cat-alle-beisan-revisie-sets","7":"product_cat-e46-m3-s54-vanos-totaal","8":"product_cat-vanos-revisie-sets","9":"pa_motorcodes-s54-b32","11":"first","12":"instock","13":"taxable","14":"shipping-taxable","15":"purchasable","16":"product-type-simple"},"_links":{"self":[{"href":"https:\/\/vanosrepair.nl\/fr\/wp-json\/wp\/v2\/product\/432","targetHints":{"allow":["GET"]}}],"collection":[{"href":"https:\/\/vanosrepair.nl\/fr\/wp-json\/wp\/v2\/product"}],"about":[{"href":"https:\/\/vanosrepair.nl\/fr\/wp-json\/wp\/v2\/types\/product"}],"replies":[{"embeddable":true,"href":"https:\/\/vanosrepair.nl\/fr\/wp-json\/wp\/v2\/comments?post=432"}],"wp:featuredmedia":[{"embeddable":true,"href":"https:\/\/vanosrepair.nl\/fr\/wp-json\/wp\/v2\/media\/883"}],"wp:attachment":[{"href":"https:\/\/vanosrepair.nl\/fr\/wp-json\/wp\/v2\/media?parent=432"}],"wp:term":[{"taxonomy":"product_brand","embeddable":true,"href":"https:\/\/vanosrepair.nl\/fr\/wp-json\/wp\/v2\/product_brand?post=432"},{"taxonomy":"product_cat","embeddable":true,"href":"https:\/\/vanosrepair.nl\/fr\/wp-json\/wp\/v2\/product_cat?post=432"},{"taxonomy":"product_tag","embeddable":true,"href":"https:\/\/vanosrepair.nl\/fr\/wp-json\/wp\/v2\/product_tag?post=432"}],"curies":[{"name":"wp","href":"https:\/\/api.w.org\/{rel}","templated":true}]}}