{"id":405,"date":"2020-12-29T18:59:08","date_gmt":"2020-12-29T18:59:08","guid":{"rendered":"https:\/\/vanosrepair.skyberatedev.nl\/product\/beisan-systems-s54-vanos-pakkingplaat-revisie-set\/"},"modified":"2022-07-20T18:43:07","modified_gmt":"2022-07-20T18:43:07","slug":"s54-b32-beisan-systems-vanos-pakkingplaat-revisie-set","status":"publish","type":"product","link":"https:\/\/vanosrepair.nl\/fr\/shop\/vanos-revisie-sets\/alle-beisan-revisie-sets\/e46-m3-s54-vanos-totaal\/s54-b32-beisan-systems-vanos-pakkingplaat-revisie-set\/","title":{"rendered":"S54 B32 - Kit de r\u00e9vision de plaque d'\u00e9tanch\u00e9it\u00e9 VANOS de Beisan Systems -"},"content":{"rendered":"<p><strong>Ce kit de r\u00e9vision de la plaque d'\u00e9tanch\u00e9it\u00e9 du S54 de Beisan Systems comprend des joints toriques am\u00e9lior\u00e9s en VITON.<br \/>\n<\/strong><\/p>\n<p>Un manuel de montage est disponible \u00e0 l'adresse suivante <a title=\"manuels\" href=\"\/fr\/vanos-revsie-manuals.html\/\"><strong>manuels<\/strong><\/a><\/p>\n<p><strong>Ce produit convient pour :<\/strong><\/p>\n<table width=\"475\">\n<tbody>\n<tr>\n<td width=\"182\">3 (E46) M3<\/td>\n<td width=\"79\"><strong>S54 Vanos<\/strong><\/td>\n<td width=\"87\">2000 - 2007<\/td>\n<td width=\"68\">S54 B32<\/td>\n<td width=\"59\">252kW<\/td>\n<\/tr>\n<tr>\n<td width=\"182\">3 (E46) M3 CSL<\/td>\n<td width=\"79\"><strong>S54 Vanos<\/strong><\/td>\n<td width=\"87\">2003 - 2006<\/td>\n<td width=\"68\">S54 B32<\/td>\n<td width=\"59\">265kW<\/td>\n<\/tr>\n<tr>\n<td width=\"182\">Z3 (E36) M Roadster\/Coupe<\/td>\n<td width=\"79\"><strong>S54 Vanos<\/strong><\/td>\n<td width=\"87\">2000 - 2002<\/td>\n<td width=\"68\">S54 B32<\/td>\n<td width=\"59\">239kW<\/td>\n<\/tr>\n<tr>\n<td width=\"182\">Z4 (E85, E86) M Coup\u00e9<\/td>\n<td width=\"79\"><strong>S54 Vanos<\/strong><\/td>\n<td width=\"87\">2006 - 2009<\/td>\n<td width=\"68\">S54 B32<\/td>\n<td width=\"59\">252kW<\/td>\n<\/tr>\n<\/tbody>\n<\/table>","protected":false},"excerpt":{"rendered":"<p style=\"text-align: left;\"><span style=\"color: #000000;\"><strong>S54 Kit de r\u00e9vision de la plaque d'\u00e9tanch\u00e9it\u00e9 VANOS<\/strong><\/span><\/p>\n<p>Gr\u00e2ce \u00e0 ce kit de r\u00e9vision, vous pouvez \u00e9quiper la plaque de garniture de joints toriques VITON, qui conviennent parfaitement \u00e0 l'industrie automobile. Les joints d'origine perdent leur \u00e9lasticit\u00e9 et peuvent donc fuir.<\/p>\n<p><strong>convient pour :<\/strong><\/p>\n<table width=\"150\">\n<tbody>\n<tr>\n<td><strong>S54<\/strong><\/td>\n<td><strong>2000-2009<\/strong><\/td>\n<\/tr>\n<\/tbody>\n<\/table>","protected":false},"featured_media":855,"comment_status":"open","ping_status":"closed","template":"","meta":[],"product_brand":[],"product_cat":[27,31,19],"product_tag":[],"class_list":{"0":"post-405","1":"product","2":"type-product","3":"status-publish","4":"has-post-thumbnail","6":"product_cat-alle-beisan-revisie-sets","7":"product_cat-e46-m3-s54-vanos-totaal","8":"product_cat-vanos-revisie-sets","9":"pa_motorcodes-s54-b32","11":"first","12":"instock","13":"taxable","14":"shipping-taxable","15":"purchasable","16":"product-type-simple"},"_links":{"self":[{"href":"https:\/\/vanosrepair.nl\/fr\/wp-json\/wp\/v2\/product\/405","targetHints":{"allow":["GET"]}}],"collection":[{"href":"https:\/\/vanosrepair.nl\/fr\/wp-json\/wp\/v2\/product"}],"about":[{"href":"https:\/\/vanosrepair.nl\/fr\/wp-json\/wp\/v2\/types\/product"}],"replies":[{"embeddable":true,"href":"https:\/\/vanosrepair.nl\/fr\/wp-json\/wp\/v2\/comments?post=405"}],"wp:featuredmedia":[{"embeddable":true,"href":"https:\/\/vanosrepair.nl\/fr\/wp-json\/wp\/v2\/media\/855"}],"wp:attachment":[{"href":"https:\/\/vanosrepair.nl\/fr\/wp-json\/wp\/v2\/media?parent=405"}],"wp:term":[{"taxonomy":"product_brand","embeddable":true,"href":"https:\/\/vanosrepair.nl\/fr\/wp-json\/wp\/v2\/product_brand?post=405"},{"taxonomy":"product_cat","embeddable":true,"href":"https:\/\/vanosrepair.nl\/fr\/wp-json\/wp\/v2\/product_cat?post=405"},{"taxonomy":"product_tag","embeddable":true,"href":"https:\/\/vanosrepair.nl\/fr\/wp-json\/wp\/v2\/product_tag?post=405"}],"curies":[{"name":"wp","href":"https:\/\/api.w.org\/{rel}","templated":true}]}}