{"id":2116,"date":"2022-05-13T08:54:24","date_gmt":"2022-05-13T08:54:24","guid":{"rendered":"https:\/\/vanosrepair.nl\/product\/elring-uitlaatspruitstuk-pakking-074460\/"},"modified":"2025-05-04T20:04:35","modified_gmt":"2025-05-04T20:04:35","slug":"elring-uitlaatspruitstuk-pakking-074460","status":"publish","type":"product","link":"https:\/\/vanosrepair.nl\/fr\/shop\/test\/elring-uitlaatspruitstuk-pakking-074460\/","title":{"rendered":"S54B32 - Joint de collecteur d&#039;\u00e9chappement - ELRING - 074460"},"content":{"rendered":"","protected":false},"excerpt":{"rendered":"<p>R\u00e9f\u00e9rence ELRING: 074.460<br \/>\n<strong>Num\u00e9ros de r\u00e9f\u00e9rence OEM BMW :<br \/>\n11 62 7 830 667<br \/>\n11627830667<br \/>\n<\/strong><\/p>","protected":false},"featured_media":1967,"comment_status":"open","ping_status":"closed","template":"","meta":[],"product_brand":[],"product_cat":[183,167],"product_tag":[],"class_list":{"0":"post-2116","1":"product","2":"type-product","3":"status-publish","4":"has-post-thumbnail","6":"product_cat-test","7":"product_cat-uitlaat-traject","8":"pa_motorcodes-s54-b32","10":"first","11":"instock","12":"sale","13":"taxable","14":"shipping-taxable","15":"purchasable","16":"product-type-simple"},"_links":{"self":[{"href":"https:\/\/vanosrepair.nl\/fr\/wp-json\/wp\/v2\/product\/2116","targetHints":{"allow":["GET"]}}],"collection":[{"href":"https:\/\/vanosrepair.nl\/fr\/wp-json\/wp\/v2\/product"}],"about":[{"href":"https:\/\/vanosrepair.nl\/fr\/wp-json\/wp\/v2\/types\/product"}],"replies":[{"embeddable":true,"href":"https:\/\/vanosrepair.nl\/fr\/wp-json\/wp\/v2\/comments?post=2116"}],"wp:featuredmedia":[{"embeddable":true,"href":"https:\/\/vanosrepair.nl\/fr\/wp-json\/wp\/v2\/media\/1967"}],"wp:attachment":[{"href":"https:\/\/vanosrepair.nl\/fr\/wp-json\/wp\/v2\/media?parent=2116"}],"wp:term":[{"taxonomy":"product_brand","embeddable":true,"href":"https:\/\/vanosrepair.nl\/fr\/wp-json\/wp\/v2\/product_brand?post=2116"},{"taxonomy":"product_cat","embeddable":true,"href":"https:\/\/vanosrepair.nl\/fr\/wp-json\/wp\/v2\/product_cat?post=2116"},{"taxonomy":"product_tag","embeddable":true,"href":"https:\/\/vanosrepair.nl\/fr\/wp-json\/wp\/v2\/product_tag?post=2116"}],"curies":[{"name":"wp","href":"https:\/\/api.w.org\/{rel}","templated":true}]}}