{"id":2082,"date":"2022-05-13T08:54:19","date_gmt":"2022-05-13T08:54:19","guid":{"rendered":"https:\/\/vanosrepair.nl\/product\/elring-krukas-keerring-versnellingsbakzijde-301870\/"},"modified":"2025-10-19T16:10:57","modified_gmt":"2025-10-19T16:10:57","slug":"m10b15-m10b16-m10b18-m20b25-m20b27-m10b20-m20b20-m20b25-m20b23-m50b20-m50b25-n55b30-s14b23-m21d24-m30b25-m30b28-m30b30-m30b32-m30b34-m30b35-m40b16-m40b18-m4","status":"publish","type":"product","link":"https:\/\/vanosrepair.nl\/fr\/shop\/keerringen\/m10b15-m10b16-m10b18-m20b25-m20b27-m10b20-m20b20-m20b25-m20b23-m50b20-m50b25-n55b30-s14b23-m21d24-m30b25-m30b28-m30b30-m30b32-m30b34-m30b35-m40b16-m40b18-m4\/","title":{"rendered":"M10B15 - M10B16 - M10B18 - M20B25 - M20B27 - M10B20..."},"content":{"rendered":"","protected":false},"excerpt":{"rendered":"<p>R\u00e9f\u00e9rence ELRING : 301.870<br \/>\n<strong>Num\u00e9ros de r\u00e9f\u00e9rence OEM BMW :<br \/>\n11 14 2 249 533<br \/>\n11142249533<br \/>\n<\/strong><\/p>","protected":false},"featured_media":1994,"comment_status":"open","ping_status":"closed","template":"","meta":[],"product_brand":[],"product_cat":[170,243,183],"product_tag":[],"class_list":{"0":"post-2082","1":"product","2":"type-product","3":"status-publish","4":"has-post-thumbnail","6":"product_cat-keerringen","7":"product_cat-onderblok","8":"product_cat-test","9":"pa_motorcodes-m10-b15","10":"pa_motorcodes-m10-b16","11":"pa_motorcodes-m10-b18","12":"pa_motorcodes-m10-b20","13":"pa_motorcodes-m20-b20","14":"pa_motorcodes-m20-b23","15":"pa_motorcodes-m20-b25","16":"pa_motorcodes-m20-b27","17":"pa_motorcodes-m21-d24","18":"pa_motorcodes-m30-b25","19":"pa_motorcodes-m30-b28","20":"pa_motorcodes-m30-b30","21":"pa_motorcodes-m30-b32","22":"pa_motorcodes-m30-b34","23":"pa_motorcodes-m30-b35","24":"pa_motorcodes-m40-b16","25":"pa_motorcodes-m40-b18","26":"pa_motorcodes-m41-d17","27":"pa_motorcodes-m42-b18","28":"pa_motorcodes-m43-b16","29":"pa_motorcodes-m43-b18","30":"pa_motorcodes-m44-b19","31":"pa_motorcodes-m47-d20","32":"pa_motorcodes-m50-b20","33":"pa_motorcodes-m50-b25","34":"pa_motorcodes-m51-d25","35":"pa_motorcodes-m52-b20","36":"pa_motorcodes-m52-b25","37":"pa_motorcodes-m52-b28","38":"pa_motorcodes-m54-b22","39":"pa_motorcodes-m54-b25","40":"pa_motorcodes-m54-b30","41":"pa_motorcodes-m57-d25","42":"pa_motorcodes-m57-d30","43":"pa_motorcodes-n54-b30","44":"pa_motorcodes-n55-b30","45":"pa_motorcodes-s14-b20","46":"pa_motorcodes-s14-b23","47":"pa_motorcodes-s38-b36","48":"pa_motorcodes-s38-b38","49":"pa_motorcodes-s50-b30","50":"pa_motorcodes-s50-b32","51":"pa_motorcodes-s54-b32","53":"first","54":"instock","55":"sale","56":"taxable","57":"shipping-taxable","58":"purchasable","59":"product-type-simple"},"_links":{"self":[{"href":"https:\/\/vanosrepair.nl\/fr\/wp-json\/wp\/v2\/product\/2082","targetHints":{"allow":["GET"]}}],"collection":[{"href":"https:\/\/vanosrepair.nl\/fr\/wp-json\/wp\/v2\/product"}],"about":[{"href":"https:\/\/vanosrepair.nl\/fr\/wp-json\/wp\/v2\/types\/product"}],"replies":[{"embeddable":true,"href":"https:\/\/vanosrepair.nl\/fr\/wp-json\/wp\/v2\/comments?post=2082"}],"wp:featuredmedia":[{"embeddable":true,"href":"https:\/\/vanosrepair.nl\/fr\/wp-json\/wp\/v2\/media\/1994"}],"wp:attachment":[{"href":"https:\/\/vanosrepair.nl\/fr\/wp-json\/wp\/v2\/media?parent=2082"}],"wp:term":[{"taxonomy":"product_brand","embeddable":true,"href":"https:\/\/vanosrepair.nl\/fr\/wp-json\/wp\/v2\/product_brand?post=2082"},{"taxonomy":"product_cat","embeddable":true,"href":"https:\/\/vanosrepair.nl\/fr\/wp-json\/wp\/v2\/product_cat?post=2082"},{"taxonomy":"product_tag","embeddable":true,"href":"https:\/\/vanosrepair.nl\/fr\/wp-json\/wp\/v2\/product_tag?post=2082"}],"curies":[{"name":"wp","href":"https:\/\/api.w.org\/{rel}","templated":true}]}}