{"id":2080,"date":"2022-05-13T08:54:19","date_gmt":"2022-05-13T08:54:19","guid":{"rendered":"https:\/\/vanosrepair.nl\/product\/elring-inlaatspruitstuk-pakking-888605\/"},"modified":"2026-01-07T19:49:07","modified_gmt":"2026-01-07T19:49:07","slug":"m50b20-m52b20-m50b25-inlaatspruitstuk-pakking-elring-888605","status":"publish","type":"product","link":"https:\/\/vanosrepair.nl\/fr\/shop\/inlaat-traject\/m50b20-m52b20-m50b25-inlaatspruitstuk-pakking-elring-888605\/","title":{"rendered":"M50B20 - M52B20 - M50B25 - Joint de collecteur d'admission - ELRING -..."},"content":{"rendered":"","protected":false},"excerpt":{"rendered":"<p>Num\u00e9ro de pi\u00e8ce ELRING: 888.605<br \/>\n<strong>Num\u00e9ros de r\u00e9f\u00e9rence OEM BMW :<br \/>\n11 61 1 717 259<br \/>\n1 717 259<br \/>\n11611717259<br \/>\n1717259<br \/>\n<\/strong><\/p>","protected":false},"featured_media":2057,"comment_status":"open","ping_status":"closed","template":"","meta":[],"product_brand":[],"product_cat":[168,183],"product_tag":[],"class_list":{"0":"post-2080","1":"product","2":"type-product","3":"status-publish","4":"has-post-thumbnail","6":"product_cat-inlaat-traject","7":"product_cat-test","8":"pa_motorcodes-m50-b20","9":"pa_motorcodes-m50-b25","10":"pa_motorcodes-m52-b20","12":"first","13":"instock","14":"sale","15":"taxable","16":"shipping-taxable","17":"purchasable","18":"product-type-simple"},"_links":{"self":[{"href":"https:\/\/vanosrepair.nl\/fr\/wp-json\/wp\/v2\/product\/2080","targetHints":{"allow":["GET"]}}],"collection":[{"href":"https:\/\/vanosrepair.nl\/fr\/wp-json\/wp\/v2\/product"}],"about":[{"href":"https:\/\/vanosrepair.nl\/fr\/wp-json\/wp\/v2\/types\/product"}],"replies":[{"embeddable":true,"href":"https:\/\/vanosrepair.nl\/fr\/wp-json\/wp\/v2\/comments?post=2080"}],"wp:featuredmedia":[{"embeddable":true,"href":"https:\/\/vanosrepair.nl\/fr\/wp-json\/wp\/v2\/media\/2057"}],"wp:attachment":[{"href":"https:\/\/vanosrepair.nl\/fr\/wp-json\/wp\/v2\/media?parent=2080"}],"wp:term":[{"taxonomy":"product_brand","embeddable":true,"href":"https:\/\/vanosrepair.nl\/fr\/wp-json\/wp\/v2\/product_brand?post=2080"},{"taxonomy":"product_cat","embeddable":true,"href":"https:\/\/vanosrepair.nl\/fr\/wp-json\/wp\/v2\/product_cat?post=2080"},{"taxonomy":"product_tag","embeddable":true,"href":"https:\/\/vanosrepair.nl\/fr\/wp-json\/wp\/v2\/product_tag?post=2080"}],"curies":[{"name":"wp","href":"https:\/\/api.w.org\/{rel}","templated":true}]}}