{"id":2078,"date":"2022-05-13T08:54:19","date_gmt":"2022-05-13T08:54:19","guid":{"rendered":"https:\/\/vanosrepair.nl\/product\/elring-krukasomkasting-afdichting-635381\/"},"modified":"2025-05-13T07:42:31","modified_gmt":"2025-05-13T07:42:31","slug":"m20b20-m20b23-m20b25-m20b27-m30b25-m40b16-m40b18-m41d17-m42b18-m43b16-m43b19-m47d20-m50b20-m51d25-m52b20-m52b25-m52b28-m54b22-m54b25-m54b30-m57d25-m57d30-s5","status":"publish","type":"product","link":"https:\/\/vanosrepair.nl\/fr\/shop\/distributie\/m20b20-m20b23-m20b25-m20b27-m30b25-m40b16-m40b18-m41d17-m42b18-m43b16-m43b19-m47d20-m50b20-m51d25-m52b20-m52b25-m52b28-m54b22-m54b25-m54b30-m57d25-m57d30-s5\/","title":{"rendered":"M20B20 - M20B23 - M20B25 - M20B27 - M30B25 - M40B16..."},"content":{"rendered":"","protected":false},"excerpt":{"rendered":"<p>R\u00e9f\u00e9rence ELRING : 635.381<br \/>\n<strong>Num\u00e9ros de r\u00e9f\u00e9rence OEM BMW :<br \/>\n11 14 1 432 240<br \/>\n1 432 240 01 A<br \/>\n1 432 240.3<br \/>\n1 432 240,3 A<br \/>\n11141432240<br \/>\n143224001A<br \/>\n1432240.3<br \/>\n1432240.3A<br \/>\n<\/strong><\/p>","protected":false},"featured_media":2038,"comment_status":"open","ping_status":"closed","template":"","meta":[],"product_brand":[],"product_cat":[244,243,183],"product_tag":[],"class_list":{"0":"post-2078","1":"product","2":"type-product","3":"status-publish","4":"has-post-thumbnail","6":"product_cat-distributie","7":"product_cat-onderblok","8":"product_cat-test","9":"pa_motorcodes-m20-b20","10":"pa_motorcodes-m20-b23","11":"pa_motorcodes-m20-b25","12":"pa_motorcodes-m20-b27","13":"pa_motorcodes-m30-b25","14":"pa_motorcodes-m40-b16","15":"pa_motorcodes-m40-b18","16":"pa_motorcodes-m41-d17","17":"pa_motorcodes-m42-b18","18":"pa_motorcodes-m43-b16","19":"pa_motorcodes-m43-b19","20":"pa_motorcodes-m47-d20","21":"pa_motorcodes-m50-b20","22":"pa_motorcodes-m51-d25","23":"pa_motorcodes-m52-b20","24":"pa_motorcodes-m52-b25","25":"pa_motorcodes-m52-b28","26":"pa_motorcodes-m54-b22","27":"pa_motorcodes-m54-b25","28":"pa_motorcodes-m54-b30","29":"pa_motorcodes-m57-d25","30":"pa_motorcodes-m57-d30","31":"pa_motorcodes-s50-b30","32":"pa_motorcodes-s50-b32","34":"first","35":"instock","36":"sale","37":"taxable","38":"shipping-taxable","39":"purchasable","40":"product-type-simple"},"_links":{"self":[{"href":"https:\/\/vanosrepair.nl\/fr\/wp-json\/wp\/v2\/product\/2078","targetHints":{"allow":["GET"]}}],"collection":[{"href":"https:\/\/vanosrepair.nl\/fr\/wp-json\/wp\/v2\/product"}],"about":[{"href":"https:\/\/vanosrepair.nl\/fr\/wp-json\/wp\/v2\/types\/product"}],"replies":[{"embeddable":true,"href":"https:\/\/vanosrepair.nl\/fr\/wp-json\/wp\/v2\/comments?post=2078"}],"wp:featuredmedia":[{"embeddable":true,"href":"https:\/\/vanosrepair.nl\/fr\/wp-json\/wp\/v2\/media\/2038"}],"wp:attachment":[{"href":"https:\/\/vanosrepair.nl\/fr\/wp-json\/wp\/v2\/media?parent=2078"}],"wp:term":[{"taxonomy":"product_brand","embeddable":true,"href":"https:\/\/vanosrepair.nl\/fr\/wp-json\/wp\/v2\/product_brand?post=2078"},{"taxonomy":"product_cat","embeddable":true,"href":"https:\/\/vanosrepair.nl\/fr\/wp-json\/wp\/v2\/product_cat?post=2078"},{"taxonomy":"product_tag","embeddable":true,"href":"https:\/\/vanosrepair.nl\/fr\/wp-json\/wp\/v2\/product_tag?post=2078"}],"curies":[{"name":"wp","href":"https:\/\/api.w.org\/{rel}","templated":true}]}}