{"id":1768,"date":"2022-04-12T09:31:54","date_gmt":"2022-04-12T09:31:54","guid":{"rendered":"https:\/\/vanosrepair.nl\/product\/107454-febi-bilstein-solenoid-magneetventiel-voor-nokkenasverstelling\/"},"modified":"2024-06-04T19:42:50","modified_gmt":"2024-06-04T19:42:50","slug":"n54b30-n55b30-n63b44-n74b60-s63b44-solenoid-magneetventiel-voor-nokkenasverstelling-febi-bilstein-107454","status":"publish","type":"product","link":"https:\/\/vanosrepair.nl\/fr\/shop\/vanos-compleet\/vanos-ventielen\/n54b30-n55b30-n63b44-n74b60-s63b44-solenoid-magneetventiel-voor-nokkenasverstelling-febi-bilstein-107454\/","title":{"rendered":"N54B30 - N55B30 - N63B44 - N74B60 - S63B44 - Sol\u00e9no\u00efde..."},"content":{"rendered":"","protected":false},"excerpt":{"rendered":"<p>R\u00e9f\u00e9rence FEBI. 107454<\/p>\n<p><strong>Num\u00e9ros de r\u00e9f\u00e9rence OEM BMW :<\/strong><br \/>\n11 36 7 561 265<br \/>\n11 36 7 585 776<br \/>\n11 36 8 605 123<br \/>\n11367561265<br \/>\n11367585776<br \/>\n11368605123<\/p>","protected":false},"featured_media":1496,"comment_status":"open","ping_status":"closed","template":"","meta":[],"product_brand":[],"product_cat":[153,159],"product_tag":[],"class_list":{"0":"post-1768","1":"product","2":"type-product","3":"status-publish","4":"has-post-thumbnail","6":"product_cat-vanos-ventielen","7":"product_cat-vanos-ventielen-2","8":"pa_motorcodes-n54-b30","9":"pa_motorcodes-n55-b30","10":"pa_motorcodes-n63-b44","11":"pa_motorcodes-n74-b60","12":"pa_motorcodes-s63-b44","14":"first","15":"instock","16":"sale","17":"taxable","18":"shipping-taxable","19":"purchasable","20":"product-type-simple"},"_links":{"self":[{"href":"https:\/\/vanosrepair.nl\/fr\/wp-json\/wp\/v2\/product\/1768","targetHints":{"allow":["GET"]}}],"collection":[{"href":"https:\/\/vanosrepair.nl\/fr\/wp-json\/wp\/v2\/product"}],"about":[{"href":"https:\/\/vanosrepair.nl\/fr\/wp-json\/wp\/v2\/types\/product"}],"replies":[{"embeddable":true,"href":"https:\/\/vanosrepair.nl\/fr\/wp-json\/wp\/v2\/comments?post=1768"}],"wp:featuredmedia":[{"embeddable":true,"href":"https:\/\/vanosrepair.nl\/fr\/wp-json\/wp\/v2\/media\/1496"}],"wp:attachment":[{"href":"https:\/\/vanosrepair.nl\/fr\/wp-json\/wp\/v2\/media?parent=1768"}],"wp:term":[{"taxonomy":"product_brand","embeddable":true,"href":"https:\/\/vanosrepair.nl\/fr\/wp-json\/wp\/v2\/product_brand?post=1768"},{"taxonomy":"product_cat","embeddable":true,"href":"https:\/\/vanosrepair.nl\/fr\/wp-json\/wp\/v2\/product_cat?post=1768"},{"taxonomy":"product_tag","embeddable":true,"href":"https:\/\/vanosrepair.nl\/fr\/wp-json\/wp\/v2\/product_tag?post=1768"}],"curies":[{"name":"wp","href":"https:\/\/api.w.org\/{rel}","templated":true}]}}