{"id":1754,"date":"2022-04-12T09:31:53","date_gmt":"2022-04-12T09:31:53","guid":{"rendered":"https:\/\/vanosrepair.nl\/product\/47662-febi-bilstein-distributiekettingset-kettingset-distributie-voor-nokkenas\/"},"modified":"2026-02-11T18:58:51","modified_gmt":"2026-02-11T18:58:51","slug":"n42b18-n42b20-n46b18-n46b20-distributieketting-set-ketting-set-distributie-voor-nokkenas-febi-bilstein-47662","status":"publish","type":"product","link":"https:\/\/vanosrepair.nl\/fr\/shop\/ketting-sets\/n42b18-n42b20-n46b18-n46b20-distributieketting-set-ketting-set-distributie-voor-nokkenas-febi-bilstein-47662\/","title":{"rendered":"N42B18, N42B20, N46B18, N46B20 - Jeu de cha\u00eenes de distribution - Jeu de cha\u00eenes de distribution..."},"content":{"rendered":"","protected":false},"excerpt":{"rendered":"<p>R\u00e9f\u00e9rence FEBI. 47662<\/p>\n<p><strong>Num\u00e9ros de r\u00e9f\u00e9rence OEM BMW :<\/strong><br \/>\n11 31 1 439 854<br \/>\n11311439854<br \/>\n11 34 8 649 768<br \/>\n11348649768<\/p>","protected":false},"featured_media":1476,"comment_status":"open","ping_status":"closed","template":"","meta":[],"product_brand":[],"product_cat":[154],"product_tag":[],"class_list":{"0":"post-1754","1":"product","2":"type-product","3":"status-publish","4":"has-post-thumbnail","6":"product_cat-ketting-sets","7":"pa_motorcodes-n42-b18","8":"pa_motorcodes-n42-b20","9":"pa_motorcodes-n46-b18","10":"pa_motorcodes-n46-b20","12":"first","13":"instock","14":"sale","15":"taxable","16":"shipping-taxable","17":"purchasable","18":"product-type-simple"},"_links":{"self":[{"href":"https:\/\/vanosrepair.nl\/fr\/wp-json\/wp\/v2\/product\/1754","targetHints":{"allow":["GET"]}}],"collection":[{"href":"https:\/\/vanosrepair.nl\/fr\/wp-json\/wp\/v2\/product"}],"about":[{"href":"https:\/\/vanosrepair.nl\/fr\/wp-json\/wp\/v2\/types\/product"}],"replies":[{"embeddable":true,"href":"https:\/\/vanosrepair.nl\/fr\/wp-json\/wp\/v2\/comments?post=1754"}],"wp:featuredmedia":[{"embeddable":true,"href":"https:\/\/vanosrepair.nl\/fr\/wp-json\/wp\/v2\/media\/1476"}],"wp:attachment":[{"href":"https:\/\/vanosrepair.nl\/fr\/wp-json\/wp\/v2\/media?parent=1754"}],"wp:term":[{"taxonomy":"product_brand","embeddable":true,"href":"https:\/\/vanosrepair.nl\/fr\/wp-json\/wp\/v2\/product_brand?post=1754"},{"taxonomy":"product_cat","embeddable":true,"href":"https:\/\/vanosrepair.nl\/fr\/wp-json\/wp\/v2\/product_cat?post=1754"},{"taxonomy":"product_tag","embeddable":true,"href":"https:\/\/vanosrepair.nl\/fr\/wp-json\/wp\/v2\/product_tag?post=1754"}],"curies":[{"name":"wp","href":"https:\/\/api.w.org\/{rel}","templated":true}]}}