{"id":1738,"date":"2022-04-12T09:05:26","date_gmt":"2022-04-12T09:05:26","guid":{"rendered":"https:\/\/vanosrepair.nl\/product\/102250-febi-bilstein-kleppendeksel-met-ontluchtingsklep-en-pakking\/"},"modified":"2024-05-10T12:10:15","modified_gmt":"2024-05-10T12:10:15","slug":"n12b14-n12b16-n16b16-kleppendeksel-met-ontluchtingsklep-en-pakking-febi-bilstein-102250","status":"publish","type":"product","link":"https:\/\/vanosrepair.nl\/fr\/shop\/kleppendeksel\/n12b14-n12b16-n16b16-kleppendeksel-met-ontluchtingsklep-en-pakking-febi-bilstein-102250\/","title":{"rendered":"N12B14 - N12B16 - N16B16 - Cache-soupape avec soupape d'a\u00e9ration et joint...."},"content":{"rendered":"","protected":false},"excerpt":{"rendered":"<p>Num\u00e9ro de pi\u00e8ce FEBI. 102250<br \/>\nLivr\u00e9 avec un joint d'\u00e9tanch\u00e9it\u00e9<\/p>\n<p><strong>Num\u00e9ros de r\u00e9f\u00e9rence OEM BMW :<\/strong><br \/>\n11127646554<br \/>\n11127553799<br \/>\n11127567162<br \/>\n11127567791<br \/>\n11127572724<br \/>\n0248.Q5<br \/>\n11 12 7 646 554<br \/>\n11 12 7 553 799<br \/>\n11 12 7 567 162<br \/>\n11 12 7 567 791<br \/>\n11 12 7 572 724<br \/>\n0248.Q5<\/p>","protected":false},"featured_media":1665,"comment_status":"open","ping_status":"closed","template":"","meta":[],"product_brand":[],"product_cat":[155],"product_tag":[],"class_list":{"0":"post-1738","1":"product","2":"type-product","3":"status-publish","4":"has-post-thumbnail","6":"product_cat-kleppendeksel","7":"pa_motorcodes-n12-b14","8":"pa_motorcodes-n12-b16","9":"pa_motorcodes-n16-b16","11":"first","12":"instock","13":"sale","14":"taxable","15":"shipping-taxable","16":"purchasable","17":"product-type-simple"},"_links":{"self":[{"href":"https:\/\/vanosrepair.nl\/fr\/wp-json\/wp\/v2\/product\/1738","targetHints":{"allow":["GET"]}}],"collection":[{"href":"https:\/\/vanosrepair.nl\/fr\/wp-json\/wp\/v2\/product"}],"about":[{"href":"https:\/\/vanosrepair.nl\/fr\/wp-json\/wp\/v2\/types\/product"}],"replies":[{"embeddable":true,"href":"https:\/\/vanosrepair.nl\/fr\/wp-json\/wp\/v2\/comments?post=1738"}],"wp:featuredmedia":[{"embeddable":true,"href":"https:\/\/vanosrepair.nl\/fr\/wp-json\/wp\/v2\/media\/1665"}],"wp:attachment":[{"href":"https:\/\/vanosrepair.nl\/fr\/wp-json\/wp\/v2\/media?parent=1738"}],"wp:term":[{"taxonomy":"product_brand","embeddable":true,"href":"https:\/\/vanosrepair.nl\/fr\/wp-json\/wp\/v2\/product_brand?post=1738"},{"taxonomy":"product_cat","embeddable":true,"href":"https:\/\/vanosrepair.nl\/fr\/wp-json\/wp\/v2\/product_cat?post=1738"},{"taxonomy":"product_tag","embeddable":true,"href":"https:\/\/vanosrepair.nl\/fr\/wp-json\/wp\/v2\/product_tag?post=1738"}],"curies":[{"name":"wp","href":"https:\/\/api.w.org\/{rel}","templated":true}]}}