{"id":471,"date":"2020-12-29T18:59:37","date_gmt":"2020-12-29T18:59:37","guid":{"rendered":"https:\/\/vanosrepair.skyberatedev.nl\/product\/maat-xl-pu-werkhandschoenen-van-hbv\/"},"modified":"2025-03-06T06:54:10","modified_gmt":"2025-03-06T06:54:10","slug":"maat-xl-pu-werkhandschoenen-van-oxxa-nitri-tech-14-690","status":"publish","type":"product","link":"https:\/\/vanosrepair.nl\/es\/shop\/pakkingen-toebehoren\/alle-pakkingen-en-diverse\/maat-xl-pu-werkhandschoenen-van-oxxa-nitri-tech-14-690\/","title":{"rendered":"Guantes de trabajo PU talla XL de OXXA-nitri-tech-14-690"},"content":{"rendered":"<p>\u00datil durante las reparaciones, pero tambi\u00e9n en el jard\u00edn o en caso de aver\u00eda.<\/p>\n<p><strong>TallaXL<\/strong><\/p>","protected":false},"excerpt":{"rendered":"<p>Conjunto de guantes de trabajo de PU con un perfecto ajuste y excelente agarre.<\/p>\n<p>Con estos guantes de trabajo proteger\u00e1s tus manos de la suciedad y el fr\u00edo.<\/p>\n<p><strong>TallaXL<\/strong><\/p>","protected":false},"featured_media":2573,"comment_status":"open","ping_status":"closed","template":"","meta":[],"product_brand":[],"product_cat":[48,23,171,21],"product_tag":[],"class_list":{"0":"post-471","1":"product","2":"type-product","3":"status-publish","4":"has-post-thumbnail","6":"product_cat-alle-pakkingen-en-diverse","7":"product_cat-diverse","8":"product_cat-gereedschap-verkoop","9":"product_cat-pakkingen-toebehoren","11":"first","12":"instock","13":"taxable","14":"shipping-taxable","15":"purchasable","16":"product-type-simple"},"_links":{"self":[{"href":"https:\/\/vanosrepair.nl\/es\/wp-json\/wp\/v2\/product\/471","targetHints":{"allow":["GET"]}}],"collection":[{"href":"https:\/\/vanosrepair.nl\/es\/wp-json\/wp\/v2\/product"}],"about":[{"href":"https:\/\/vanosrepair.nl\/es\/wp-json\/wp\/v2\/types\/product"}],"replies":[{"embeddable":true,"href":"https:\/\/vanosrepair.nl\/es\/wp-json\/wp\/v2\/comments?post=471"}],"wp:featuredmedia":[{"embeddable":true,"href":"https:\/\/vanosrepair.nl\/es\/wp-json\/wp\/v2\/media\/2573"}],"wp:attachment":[{"href":"https:\/\/vanosrepair.nl\/es\/wp-json\/wp\/v2\/media?parent=471"}],"wp:term":[{"taxonomy":"product_brand","embeddable":true,"href":"https:\/\/vanosrepair.nl\/es\/wp-json\/wp\/v2\/product_brand?post=471"},{"taxonomy":"product_cat","embeddable":true,"href":"https:\/\/vanosrepair.nl\/es\/wp-json\/wp\/v2\/product_cat?post=471"},{"taxonomy":"product_tag","embeddable":true,"href":"https:\/\/vanosrepair.nl\/es\/wp-json\/wp\/v2\/product_tag?post=471"}],"curies":[{"name":"wp","href":"https:\/\/api.w.org\/{rel}","templated":true}]}}