{"id":432,"date":"2020-12-29T18:59:19","date_gmt":"2020-12-29T18:59:19","guid":{"rendered":"https:\/\/vanosrepair.skyberatedev.nl\/product\/beisan-systems-s54-vanos-anti-ratel-reparatie-set\/"},"modified":"2022-07-20T18:24:01","modified_gmt":"2022-07-20T18:24:01","slug":"s54b32-beisan-systems-vanos-anti-ratel-reparatie-set","status":"publish","type":"product","link":"https:\/\/vanosrepair.nl\/es\/shop\/vanos-revisie-sets\/alle-beisan-revisie-sets\/e46-m3-s54-vanos-totaal\/s54b32-beisan-systems-vanos-anti-ratel-reparatie-set\/","title":{"rendered":"S54B32 - Beisan Systems Kit de reparaci\u00f3n antirruido VANOS"},"content":{"rendered":"<p><strong>Este kit de reparaci\u00f3n anti-rattle de Beisan Systems es adecuado para la revisi\u00f3n de un S54 VANOS.<\/strong><\/p>\n<p><strong>Con este juego de revisi\u00f3n, puede revisar ambos ejes de engranaje.<\/strong><\/p>\n<p>Aplicando este kit, la holgura de los cojinetes de su VANOS se vuelve perfecta y volver\u00e1 a funcionar silenciosamente.<\/p>\n<p>NOTA: Para esta reparaci\u00f3n, necesitar\u00e1 la herramienta especial\u00a0<a title=\"S54 \/ S62 VANOS herramienta antisonajero\" href=\"https:\/\/vanosrepair.nl\/es\/bmw-vanos-revisie-gereedschap\/beisan-systems-s54-s62-anti-ratel-rattle-speciaal-gereedschap.html\/\"><strong>Herramienta sonajero S54\/S62<\/strong><\/a>\u00a0necesario.<\/p>\n<p>CONSEJO: durante la revisi\u00f3n, instale tambi\u00e9n el kit de reparaci\u00f3n de juntas de sistemas Beisan para que su VANOS vuelva a estar como nuevo.<\/p>\n<p>Las instrucciones de instalaci\u00f3n se encuentran en la p\u00e1gina\u00a0<a href=\"https:\/\/vanosrepair.nl\/es\/vanos-revsie-manuals.html\/\"><strong>manuales<\/strong><\/a><\/p>\n<p><strong>Este producto es adecuado para:<\/strong><\/p>\n<table width=\"475\">\n<tbody>\n<tr>\n<td width=\"182\">3 (E46) M3<\/td>\n<td width=\"79\"><strong>S54 Vanos<\/strong><\/td>\n<td width=\"87\">2000 - 2007<\/td>\n<td width=\"68\">S54 B32<\/td>\n<td width=\"59\">252 kW<\/td>\n<\/tr>\n<tr>\n<td width=\"182\">3 (E46) M3 CSL<\/td>\n<td width=\"79\"><strong>S54 Vanos<\/strong><\/td>\n<td width=\"87\">2003 - 2006<\/td>\n<td width=\"68\">S54 B32<\/td>\n<td width=\"59\">265 kW<\/td>\n<\/tr>\n<tr>\n<td width=\"182\">Z3 (E36) M Roadster\/Coup\u00e9<\/td>\n<td width=\"79\"><strong>S54 Vanos<\/strong><\/td>\n<td width=\"87\">2000 - 2002<\/td>\n<td width=\"68\">S54 B32<\/td>\n<td width=\"59\">239 kW<\/td>\n<\/tr>\n<tr>\n<td width=\"182\">Z4 (E85, E86) M Coup\u00e9<\/td>\n<td width=\"79\"><strong>S54 Vanos<\/strong><\/td>\n<td width=\"87\">2006 - 2009<\/td>\n<td width=\"68\">S54 B32<\/td>\n<td width=\"59\">252 kW<\/td>\n<\/tr>\n<\/tbody>\n<\/table>","protected":false},"excerpt":{"rendered":"<p><span style=\"color: #000000;\"><strong>Kit de reparaci\u00f3n antirruido VANOS S54 de la conocida marca Beisan Systems.<\/strong><\/span><\/p>\n<p>Si revisa su VANOS con este kit de reparaci\u00f3n de juntas, quedar\u00e1 como nuevo y funcionar\u00e1 de forma \u00f3ptima.<\/p>\n<p><strong>adecuado para:<\/strong><\/p>\n<table>\n<tbody>\n<tr>\n<td><strong>S54B32<\/strong><\/td>\n<td><strong>2000-2009<\/strong><\/td>\n<\/tr>\n<\/tbody>\n<\/table>","protected":false},"featured_media":883,"comment_status":"open","ping_status":"closed","template":"","meta":[],"product_brand":[],"product_cat":[27,31,19],"product_tag":[],"class_list":{"0":"post-432","1":"product","2":"type-product","3":"status-publish","4":"has-post-thumbnail","6":"product_cat-alle-beisan-revisie-sets","7":"product_cat-e46-m3-s54-vanos-totaal","8":"product_cat-vanos-revisie-sets","9":"pa_motorcodes-s54-b32","11":"first","12":"instock","13":"taxable","14":"shipping-taxable","15":"purchasable","16":"product-type-simple"},"_links":{"self":[{"href":"https:\/\/vanosrepair.nl\/es\/wp-json\/wp\/v2\/product\/432","targetHints":{"allow":["GET"]}}],"collection":[{"href":"https:\/\/vanosrepair.nl\/es\/wp-json\/wp\/v2\/product"}],"about":[{"href":"https:\/\/vanosrepair.nl\/es\/wp-json\/wp\/v2\/types\/product"}],"replies":[{"embeddable":true,"href":"https:\/\/vanosrepair.nl\/es\/wp-json\/wp\/v2\/comments?post=432"}],"wp:featuredmedia":[{"embeddable":true,"href":"https:\/\/vanosrepair.nl\/es\/wp-json\/wp\/v2\/media\/883"}],"wp:attachment":[{"href":"https:\/\/vanosrepair.nl\/es\/wp-json\/wp\/v2\/media?parent=432"}],"wp:term":[{"taxonomy":"product_brand","embeddable":true,"href":"https:\/\/vanosrepair.nl\/es\/wp-json\/wp\/v2\/product_brand?post=432"},{"taxonomy":"product_cat","embeddable":true,"href":"https:\/\/vanosrepair.nl\/es\/wp-json\/wp\/v2\/product_cat?post=432"},{"taxonomy":"product_tag","embeddable":true,"href":"https:\/\/vanosrepair.nl\/es\/wp-json\/wp\/v2\/product_tag?post=432"}],"curies":[{"name":"wp","href":"https:\/\/api.w.org\/{rel}","templated":true}]}}