{"id":403,"date":"2020-12-29T18:59:07","date_gmt":"2020-12-29T18:59:07","guid":{"rendered":"https:\/\/vanosrepair.skyberatedev.nl\/product\/beisan-systems-euro-s50-dubbele-vanos-anti-ratel-reparatie-set\/"},"modified":"2022-07-20T18:44:33","modified_gmt":"2022-07-20T18:44:33","slug":"s50-b32-beisan-systems-s50-dubbele-vanos-anti-ratel-reparatie-set","status":"publish","type":"product","link":"https:\/\/vanosrepair.nl\/es\/shop\/vanos-revisie-sets\/alle-beisan-revisie-sets\/e36-m3-s50-vanos-totaal\/s50-b32-beisan-systems-s50-dubbele-vanos-anti-ratel-reparatie-set\/","title":{"rendered":"S50 B32 - Beisan Systems S50 doble VANOS antirrobo repara..."},"content":{"rendered":"<p><strong>Este juego de reparaci\u00f3n antitrinquete de Beisan Systems es adecuado para la revisi\u00f3n de un Euro S50 doble VANOS.<\/strong><\/p>\n<p>Aplicando este kit, la holgura de los cojinetes de su VANOS se vuelve perfecta y volver\u00e1 a funcionar silenciosamente.<\/p>\n<p>NOTA: Para esta reparaci\u00f3n, necesitar\u00e1 la herramienta especial <a href=\"\/es\/bmw-vanos-gereedschap\/gereedschap-voor-euro-s50-enkele-en-dubbele-vanos.html\/\"><strong>Herramienta sonajero Euro S50<\/strong><\/a> necesario.<\/p>\n<p>CONSEJO: durante la revisi\u00f3n, instale tambi\u00e9n el kit de reparaci\u00f3n de juntas de sistemas Beisan para que su VANOS vuelva a estar como nuevo.<\/p>\n<p>Las instrucciones de instalaci\u00f3n se encuentran en la p\u00e1gina <a href=\"\/es\/vanos-revsie-manuals.html\/\"><strong>manuales<\/strong><\/a><\/p>\n<p><strong>Este producto es adecuado para:<\/strong><\/p>\n<table>\n<tbody>\n<tr>\n<td>M3 (E36)<\/td>\n<td><strong>Euro S50 Vanos dobles<\/strong><\/td>\n<td>1995 - 2000<\/td>\n<td>S50B32<\/td>\n<td>236 kW<\/td>\n<\/tr>\n<tr>\n<td>Z3 (E36) M<\/td>\n<td><strong>Euro S50 Vanos dobles<\/strong><\/td>\n<td>1997 - 2001<\/td>\n<td>S50B32<\/td>\n<td>236 kW<\/td>\n<\/tr>\n<\/tbody>\n<\/table>\n<p><strong>\u00a0<\/strong><\/p>","protected":false},"excerpt":{"rendered":"<p><span style=\"color: #000000;\"><strong>Juego de reparaci\u00f3n anti carraca Euro S50 Double VANOS de la conocida marca Beisan Systems<\/strong><\/span><\/p>\n<p>Si se revisa su VANOS con este kit de reparaci\u00f3n antirruido, el juego de los cojinetes volver\u00e1 a ser perfecto y el ruido ser\u00e1 cosa del pasado.<\/p>\n<p><strong>adecuado para:<\/strong><\/p>\n<table>\n<tbody>\n<tr>\n<td>E36 M3<\/td>\n<td>1995 - 2000<\/td>\n<td>S50B32<\/td>\n<\/tr>\n<tr>\n<td>E36 Z3 M<\/td>\n<td>1997 - 2001<\/td>\n<td>S50B32<\/td>\n<\/tr>\n<\/tbody>\n<\/table>","protected":false},"featured_media":877,"comment_status":"open","ping_status":"closed","template":"","meta":[],"product_brand":[],"product_cat":[27,30,19],"product_tag":[],"class_list":{"0":"post-403","1":"product","2":"type-product","3":"status-publish","4":"has-post-thumbnail","6":"product_cat-alle-beisan-revisie-sets","7":"product_cat-e36-m3-s50-vanos-totaal","8":"product_cat-vanos-revisie-sets","9":"pa_motorcodes-s50-b32","11":"first","12":"instock","13":"taxable","14":"shipping-taxable","15":"purchasable","16":"product-type-simple"},"_links":{"self":[{"href":"https:\/\/vanosrepair.nl\/es\/wp-json\/wp\/v2\/product\/403","targetHints":{"allow":["GET"]}}],"collection":[{"href":"https:\/\/vanosrepair.nl\/es\/wp-json\/wp\/v2\/product"}],"about":[{"href":"https:\/\/vanosrepair.nl\/es\/wp-json\/wp\/v2\/types\/product"}],"replies":[{"embeddable":true,"href":"https:\/\/vanosrepair.nl\/es\/wp-json\/wp\/v2\/comments?post=403"}],"wp:featuredmedia":[{"embeddable":true,"href":"https:\/\/vanosrepair.nl\/es\/wp-json\/wp\/v2\/media\/877"}],"wp:attachment":[{"href":"https:\/\/vanosrepair.nl\/es\/wp-json\/wp\/v2\/media?parent=403"}],"wp:term":[{"taxonomy":"product_brand","embeddable":true,"href":"https:\/\/vanosrepair.nl\/es\/wp-json\/wp\/v2\/product_brand?post=403"},{"taxonomy":"product_cat","embeddable":true,"href":"https:\/\/vanosrepair.nl\/es\/wp-json\/wp\/v2\/product_cat?post=403"},{"taxonomy":"product_tag","embeddable":true,"href":"https:\/\/vanosrepair.nl\/es\/wp-json\/wp\/v2\/product_tag?post=403"}],"curies":[{"name":"wp","href":"https:\/\/api.w.org\/{rel}","templated":true}]}}