{"id":402,"date":"2020-12-29T18:59:07","date_gmt":"2020-12-29T18:59:07","guid":{"rendered":"https:\/\/vanosrepair.skyberatedev.nl\/product\/beisan-systems-euro-s50-dubbele-vanos-seals-reparatie-set\/"},"modified":"2025-03-16T09:13:12","modified_gmt":"2025-03-16T09:13:12","slug":"s50b32-beisan-systems-s50-dubbele-vanos-seals-revisie-set","status":"publish","type":"product","link":"https:\/\/vanosrepair.nl\/es\/shop\/vanos-revisie-sets\/alle-beisan-revisie-sets\/e36-m3-s50-vanos-totaal\/s50b32-beisan-systems-s50-dubbele-vanos-seals-revisie-set\/","title":{"rendered":"S50B32 - Kit de revisi\u00f3n de retenes dobles VANOS Beisan Systems S50"},"content":{"rendered":"<p><strong>Este kit de reparaci\u00f3n de juntas Beisan Systems es adecuado para un Euro S50 doble VANOS.<\/strong><\/p>\n<p>Aplicando esto, en Am\u00e9rica especialmente desarrollado set, su VANOS es como nuevo otra vez despu\u00e9s de la revisi\u00f3n. Los anillos de tefl\u00f3n originales est\u00e1n sujetos a desgaste y las juntas t\u00f3ricas pierden su precarga (aplanamiento de la junta t\u00f3rica), lo que puede provocar fugas de aceite. Todo ello reducir\u00e1 el rendimiento del VANOS.<\/p>\n<p>CONSEJO: durante la revisi\u00f3n, instale tambi\u00e9n el juego antirrobo para que el juego de los cojinetes vuelva a ser perfecto y desaparezcan todos los ruidos laterales (traqueteo).<\/p>\n<p>Las instrucciones de instalaci\u00f3n se encuentran en la p\u00e1gina <strong><a title=\"manuales\" href=\"http:\/\/www.beisansystems.com\/procedures\/euro_s50_double_vanos_procedure.htm\">MANUALES<\/a><\/strong><\/p>\n<p><strong>Este producto es adecuado para:<\/strong><\/p>\n<table>\n<tbody>\n<tr>\n<td>M3 (E36)<\/td>\n<td><strong>Euro S50 Vanos dobles<\/strong><\/td>\n<td>1995 - 2000<\/td>\n<td>S50B32<\/td>\n<td>236 kW<\/td>\n<\/tr>\n<tr>\n<td>Z3 (E36) M<\/td>\n<td><strong>Euro S50 Vanos dobles<\/strong><\/td>\n<td>1997 - 2001<\/td>\n<td>S50B32<\/td>\n<td>236 kW<\/td>\n<\/tr>\n<\/tbody>\n<\/table>","protected":false},"excerpt":{"rendered":"<p><span style=\"color: #000000;\"><strong>Kit de reparaci\u00f3n de juntas VANOS dobles Euro S50 de la conocida marca Beisan Systems.<\/strong><\/span><\/p>\n<p>Si revisa su VANOS con este kit de reparaci\u00f3n de juntas, quedar\u00e1 como nuevo y funcionar\u00e1 de forma \u00f3ptima.<\/p>\n<p>adecuado para:<\/p>\n<table>\n<tbody>\n<tr>\n<td>E36 M3<\/td>\n<td>1995 - 2000<\/td>\n<td>S50B32<\/td>\n<\/tr>\n<tr>\n<td>E36 Z3 M<\/td>\n<td>1997 - 2001<\/td>\n<td>S50B32<\/td>\n<\/tr>\n<\/tbody>\n<\/table>","protected":false},"featured_media":874,"comment_status":"open","ping_status":"closed","template":"","meta":[],"product_brand":[],"product_cat":[27,30,19],"product_tag":[],"class_list":{"0":"post-402","1":"product","2":"type-product","3":"status-publish","4":"has-post-thumbnail","6":"product_cat-alle-beisan-revisie-sets","7":"product_cat-e36-m3-s50-vanos-totaal","8":"product_cat-vanos-revisie-sets","9":"pa_motorcodes-s50-b32","11":"first","12":"instock","13":"taxable","14":"shipping-taxable","15":"purchasable","16":"product-type-simple"},"_links":{"self":[{"href":"https:\/\/vanosrepair.nl\/es\/wp-json\/wp\/v2\/product\/402","targetHints":{"allow":["GET"]}}],"collection":[{"href":"https:\/\/vanosrepair.nl\/es\/wp-json\/wp\/v2\/product"}],"about":[{"href":"https:\/\/vanosrepair.nl\/es\/wp-json\/wp\/v2\/types\/product"}],"replies":[{"embeddable":true,"href":"https:\/\/vanosrepair.nl\/es\/wp-json\/wp\/v2\/comments?post=402"}],"wp:featuredmedia":[{"embeddable":true,"href":"https:\/\/vanosrepair.nl\/es\/wp-json\/wp\/v2\/media\/874"}],"wp:attachment":[{"href":"https:\/\/vanosrepair.nl\/es\/wp-json\/wp\/v2\/media?parent=402"}],"wp:term":[{"taxonomy":"product_brand","embeddable":true,"href":"https:\/\/vanosrepair.nl\/es\/wp-json\/wp\/v2\/product_brand?post=402"},{"taxonomy":"product_cat","embeddable":true,"href":"https:\/\/vanosrepair.nl\/es\/wp-json\/wp\/v2\/product_cat?post=402"},{"taxonomy":"product_tag","embeddable":true,"href":"https:\/\/vanosrepair.nl\/es\/wp-json\/wp\/v2\/product_tag?post=402"}],"curies":[{"name":"wp","href":"https:\/\/api.w.org\/{rel}","templated":true}]}}