{"id":392,"date":"2020-12-29T18:59:02","date_gmt":"2020-12-29T18:59:02","guid":{"rendered":"https:\/\/vanosrepair.skyberatedev.nl\/product\/beisan-systems-dubbele-vanos-seals-reparatie-set\/"},"modified":"2022-07-20T18:48:27","modified_gmt":"2022-07-20T18:48:27","slug":"m52b20-m52b25-m52b28-m54b22-m54b25-m54b30-beisan-systems-dubbele-vanos-seals-revisie-set","status":"publish","type":"product","link":"https:\/\/vanosrepair.nl\/es\/shop\/vanos-revisie-sets\/alle-beisan-revisie-sets\/dubbele-vanos-m52tu-m54\/m52b20-m52b25-m52b28-m54b22-m54b25-m54b30-beisan-systems-dubbele-vanos-seals-revisie-set\/","title":{"rendered":"M52B20 - M52B25 - M52B28 - M54B22 - M54B25 - M54B30..."},"content":{"rendered":"<p><strong>Este kit de reparaci\u00f3n Beisan Systems Seals es adecuado para reacondicionar un VANOS doble.<\/strong><\/p>\n<p>Utilizando esto, en Am\u00e9rica especialmente desarrollado conjunto, su VANOS es mejor que nuevo despu\u00e9s de la revisi\u00f3n porque las juntas t\u00f3ricas originales de NBR (que causan los problemas, entre otras cosas) se sustituyen por una variante especial de VITON. A diferencia del NBR, el VITON es resistente a las altas temperaturas y a las influencias qu\u00edmicas, por lo que resulta muy adecuado para aplicaciones de automoci\u00f3n.<\/p>\n<p>Si su VANOS se reacondiciona con este kit de reparaci\u00f3n de sellos, su unidad seguir\u00e1 funcionando perfectamente, a diferencia de una unidad original nueva.<\/p>\n<p>CONSEJO: durante la revisi\u00f3n, instale tambi\u00e9n el juego antirrobo para que el juego de los cojinetes vuelva a ser perfecto y desaparezcan todos los ruidos laterales (traqueteo).<\/p>\n<p>Las instrucciones de instalaci\u00f3n se encuentran en la p\u00e1gina <a href=\"\/es\/vanos-revsie-manuals.html\/\"><strong>manuales<br \/>\n<\/strong><\/a><\/p>","protected":false},"excerpt":{"rendered":"<p><span style=\"color: #000000;\"><strong>Juego de reparaci\u00f3n de sellos dobles VANOS de la conocida marca Beisan Systems<\/strong><\/span><\/p>\n<p>Si su VANOS se revisa con este kit de reparaci\u00f3n de juntas, quedar\u00e1 mejor que nuevo gracias al uso de juntas t\u00f3ricas de VITON.<\/p>\n<p>adecuado para:<\/p>\n<table>\n<tbody>\n<tr>\n<td>M52TU<\/td>\n<td>1998-2000<\/td>\n<\/tr>\n<tr>\n<td>M54<\/td>\n<td>2000-2006<\/td>\n<\/tr>\n<\/tbody>\n<\/table>","protected":false},"featured_media":837,"comment_status":"open","ping_status":"closed","template":"","meta":[],"product_brand":[],"product_cat":[27,29,19],"product_tag":[],"class_list":{"0":"post-392","1":"product","2":"type-product","3":"status-publish","4":"has-post-thumbnail","6":"product_cat-alle-beisan-revisie-sets","7":"product_cat-dubbele-vanos-m52tu-m54","8":"product_cat-vanos-revisie-sets","9":"pa_motorcodes-m52-b20","10":"pa_motorcodes-m52-b25","11":"pa_motorcodes-m52-b28","12":"pa_motorcodes-m54-b22","13":"pa_motorcodes-m54-b25","14":"pa_motorcodes-m54-b30","16":"first","17":"instock","18":"taxable","19":"shipping-taxable","20":"purchasable","21":"product-type-simple"},"_links":{"self":[{"href":"https:\/\/vanosrepair.nl\/es\/wp-json\/wp\/v2\/product\/392","targetHints":{"allow":["GET"]}}],"collection":[{"href":"https:\/\/vanosrepair.nl\/es\/wp-json\/wp\/v2\/product"}],"about":[{"href":"https:\/\/vanosrepair.nl\/es\/wp-json\/wp\/v2\/types\/product"}],"replies":[{"embeddable":true,"href":"https:\/\/vanosrepair.nl\/es\/wp-json\/wp\/v2\/comments?post=392"}],"wp:featuredmedia":[{"embeddable":true,"href":"https:\/\/vanosrepair.nl\/es\/wp-json\/wp\/v2\/media\/837"}],"wp:attachment":[{"href":"https:\/\/vanosrepair.nl\/es\/wp-json\/wp\/v2\/media?parent=392"}],"wp:term":[{"taxonomy":"product_brand","embeddable":true,"href":"https:\/\/vanosrepair.nl\/es\/wp-json\/wp\/v2\/product_brand?post=392"},{"taxonomy":"product_cat","embeddable":true,"href":"https:\/\/vanosrepair.nl\/es\/wp-json\/wp\/v2\/product_cat?post=392"},{"taxonomy":"product_tag","embeddable":true,"href":"https:\/\/vanosrepair.nl\/es\/wp-json\/wp\/v2\/product_tag?post=392"}],"curies":[{"name":"wp","href":"https:\/\/api.w.org\/{rel}","templated":true}]}}