{"id":391,"date":"2020-12-29T18:59:00","date_gmt":"2020-12-29T18:59:00","guid":{"rendered":"https:\/\/vanosrepair.skyberatedev.nl\/product\/beisan-systems-enkele-vanos-seals-reparatie-set\/"},"modified":"2022-07-20T18:49:56","modified_gmt":"2022-07-20T18:49:56","slug":"m50b20-m50b25-m52b20-m52b25-m52b28-beisan-systems-enkele-vanos-seals-revisie-set","status":"publish","type":"product","link":"https:\/\/vanosrepair.nl\/es\/shop\/vanos-revisie-sets\/alle-beisan-revisie-sets\/enkele-vanos-m50-52-totaal\/m50b20-m50b25-m52b20-m52b25-m52b28-beisan-systems-enkele-vanos-seals-revisie-set\/","title":{"rendered":"M50B20 - M50B25 - M52B20 - M52B25 - M52B28 - Beisan Systems juntas VANOS simples..."},"content":{"rendered":"<p><strong>Este kit de reparaci\u00f3n de juntas de Beisan Systems es adecuado para cualquier tipo de VANOS simple.<\/strong><\/p>\n<p>Utilizando esto, en Am\u00e9rica especialmente desarrollado conjunto, su VANOS es mejor que nuevo despu\u00e9s de la revisi\u00f3n porque las juntas t\u00f3ricas originales de NBR (que causan los problemas, entre otras cosas) se sustituyen por una variante especial de VITON. A diferencia del NBR, el VITON es resistente a las altas temperaturas y a las influencias qu\u00edmicas, por lo que resulta muy adecuado para aplicaciones de automoci\u00f3n.<\/p>\n<p>Si su VANOS se revisa con este kit de reparaci\u00f3n de juntas, a diferencia de una unidad original nueva, su unidad seguir\u00e1 funcionando perfectamente.<\/p>\n<p>CONSEJO: durante la revisi\u00f3n, instale tambi\u00e9n el juego antirrobo para que el juego de los cojinetes vuelva a ser perfecto y desaparezcan todos los ruidos laterales (traqueteo).<\/p>\n<p>Las instrucciones de instalaci\u00f3n se encuentran en la p\u00e1gina <a href=\"\/es\/vanos-revsie-manuals.html\/\"><strong>manuales<\/strong><\/a><\/p>\n<p><strong>Este producto es adecuado para:<\/strong><\/p>\n<table width=\"100%\">\n<tbody>\n<tr>\n<td>3er<\/td>\n<td>1990\/09 - 1998\/02<\/td>\n<td>E36<\/td>\n<td>320i<\/td>\n<td>110 KW<\/td>\n<\/tr>\n<tr>\n<td>3er<\/td>\n<td>1995\/03 - 1998\/02<\/td>\n<td>E36<\/td>\n<td>323i 2.5<\/td>\n<td>125 KW<\/td>\n<\/tr>\n<tr>\n<td>3er Cabriolet<\/td>\n<td>1993\/12 - 1999\/04<\/td>\n<td>E36<\/td>\n<td>320i<\/td>\n<td>110 KW<\/td>\n<\/tr>\n<tr>\n<td>3er Cabriolet<\/td>\n<td>1995\/06 - 1999\/04<\/td>\n<td>E36<\/td>\n<td>323i<\/td>\n<td>125 KW<\/td>\n<\/tr>\n<tr>\n<td>3er Cabriolet<\/td>\n<td>1993\/03 - 1995\/12<\/td>\n<td>E36<\/td>\n<td>325i<\/td>\n<td>141 KW<\/td>\n<\/tr>\n<tr>\n<td>3er Cabriolet<\/td>\n<td>1995\/03 - 1999\/04<\/td>\n<td>E36<\/td>\n<td>328i<\/td>\n<td>142 KW<\/td>\n<\/tr>\n<tr>\n<td>3er Compacto<\/td>\n<td>1997\/08 - 2000\/08<\/td>\n<td>E36<\/td>\n<td>323 TI<\/td>\n<td>125 KW<\/td>\n<\/tr>\n<tr>\n<td>3er Coup\u00e9<\/td>\n<td>1992\/03 - 1999\/04<\/td>\n<td>E36<\/td>\n<td>320i<\/td>\n<td>110 KW<\/td>\n<\/tr>\n<tr>\n<td>3er Coup\u00e9<\/td>\n<td>1995\/03 - 1999\/04<\/td>\n<td>E36<\/td>\n<td>323i<\/td>\n<td>125 KW<\/td>\n<\/tr>\n<tr>\n<td>3er Coup\u00e9<\/td>\n<td>1992\/03 - 1999\/04<\/td>\n<td>E36<\/td>\n<td>325i<\/td>\n<td>141 KW<\/td>\n<\/tr>\n<tr>\n<td>3er Coup\u00e9<\/td>\n<td>1995\/01 - 1999\/04<\/td>\n<td>E36<\/td>\n<td>328i<\/td>\n<td>142 KW<\/td>\n<\/tr>\n<tr>\n<td>3er Touring<\/td>\n<td>1995\/01 - 1999\/10<\/td>\n<td>E36<\/td>\n<td>320i<\/td>\n<td>110 KW<\/td>\n<\/tr>\n<tr>\n<td>3er Touring<\/td>\n<td>1995\/09 - 1999\/10<\/td>\n<td>E36<\/td>\n<td>323i<\/td>\n<td>125 KW<\/td>\n<\/tr>\n<tr>\n<td>3er Touring<\/td>\n<td>1994\/08 - 1999\/12<\/td>\n<td>E36<\/td>\n<td>328i<\/td>\n<td>142 KW<\/td>\n<\/tr>\n<tr>\n<td>5er<\/td>\n<td>1996\/01 - 2003\/06<\/td>\n<td>E39<\/td>\n<td>520i<\/td>\n<td>110 KW<\/td>\n<\/tr>\n<tr>\n<td>5er<\/td>\n<td>1995\/11 - 2000\/09<\/td>\n<td>E39<\/td>\n<td>523i<\/td>\n<td>125 KW<\/td>\n<\/tr>\n<tr>\n<td>5er<\/td>\n<td>1995\/11 - 2000\/09<\/td>\n<td>E39<\/td>\n<td>528i<\/td>\n<td>142 KW<\/td>\n<\/tr>\n<tr>\n<td>7er<\/td>\n<td>1995\/11 - 2001\/09<\/td>\n<td>E38<\/td>\n<td>728i X<\/td>\n<td>142 KW<\/td>\n<\/tr>\n<\/tbody>\n<\/table>","protected":false},"excerpt":{"rendered":"<p><span style=\"color: #000000;\"><strong>Kit de reparaci\u00f3n de juntas VANOS individuales de la prestigiosa marca Beisan Systems<\/strong><\/span><\/p>\n<p>Si su VANOS se revisa con este kit de reparaci\u00f3n de juntas, quedar\u00e1 mejor que nuevo gracias al uso de juntas t\u00f3ricas de VITON.<\/p>\n<p><strong>adecuado para:<\/strong><\/p>\n<table>\n<tbody>\n<tr>\n<td>M50TU<\/td>\n<td>1993-1995<\/td>\n<\/tr>\n<tr>\n<td>M52<\/td>\n<td>1995-2000<\/td>\n<\/tr>\n<\/tbody>\n<\/table>","protected":false},"featured_media":828,"comment_status":"open","ping_status":"closed","template":"","meta":[],"product_brand":[],"product_cat":[27,28,19],"product_tag":[],"class_list":{"0":"post-391","1":"product","2":"type-product","3":"status-publish","4":"has-post-thumbnail","6":"product_cat-alle-beisan-revisie-sets","7":"product_cat-enkele-vanos-m50-52-totaal","8":"product_cat-vanos-revisie-sets","9":"pa_motorcodes-m50-b20","10":"pa_motorcodes-m50-b25","11":"pa_motorcodes-m52-b20","12":"pa_motorcodes-m52-b25","13":"pa_motorcodes-m52-b28","15":"first","16":"instock","17":"taxable","18":"shipping-taxable","19":"purchasable","20":"product-type-simple"},"_links":{"self":[{"href":"https:\/\/vanosrepair.nl\/es\/wp-json\/wp\/v2\/product\/391","targetHints":{"allow":["GET"]}}],"collection":[{"href":"https:\/\/vanosrepair.nl\/es\/wp-json\/wp\/v2\/product"}],"about":[{"href":"https:\/\/vanosrepair.nl\/es\/wp-json\/wp\/v2\/types\/product"}],"replies":[{"embeddable":true,"href":"https:\/\/vanosrepair.nl\/es\/wp-json\/wp\/v2\/comments?post=391"}],"wp:featuredmedia":[{"embeddable":true,"href":"https:\/\/vanosrepair.nl\/es\/wp-json\/wp\/v2\/media\/828"}],"wp:attachment":[{"href":"https:\/\/vanosrepair.nl\/es\/wp-json\/wp\/v2\/media?parent=391"}],"wp:term":[{"taxonomy":"product_brand","embeddable":true,"href":"https:\/\/vanosrepair.nl\/es\/wp-json\/wp\/v2\/product_brand?post=391"},{"taxonomy":"product_cat","embeddable":true,"href":"https:\/\/vanosrepair.nl\/es\/wp-json\/wp\/v2\/product_cat?post=391"},{"taxonomy":"product_tag","embeddable":true,"href":"https:\/\/vanosrepair.nl\/es\/wp-json\/wp\/v2\/product_tag?post=391"}],"curies":[{"name":"wp","href":"https:\/\/api.w.org\/{rel}","templated":true}]}}