{"id":1769,"date":"2022-04-12T09:31:54","date_gmt":"2022-04-12T09:31:54","guid":{"rendered":"https:\/\/vanosrepair.nl\/product\/170148-febi-bilstein-solenoid-magneetventiel-voor-nokkenasverstelling\/"},"modified":"2026-02-15T17:21:00","modified_gmt":"2026-02-15T17:21:00","slug":"n43b16-n43b20-solenoid-magneetventiel-voor-nokkenasverstelling-febi-bilstein-170148","status":"publish","type":"product","link":"https:\/\/vanosrepair.nl\/es\/shop\/vanos-compleet\/vanos-ventielen\/n43b16-n43b20-solenoid-magneetventiel-voor-nokkenasverstelling-febi-bilstein-170148\/","title":{"rendered":"N43B16 - N43B20 - Solenoide \/ Electrov\u00e1lvula para el ajuste del \u00e1rbol de levas - FEBI..."},"content":{"rendered":"","protected":false},"excerpt":{"rendered":"<p>N\u00famero de pieza FEBI 170148<br \/>\n<strong>Lado de entrada y lado de salida<\/strong><\/p>\n<p><strong>N\u00fameros de referencia BMW OEM:<\/strong><br \/>\n11 36 7 561 264<br \/>\n11 36 7 584 115<br \/>\n11367561264<br \/>\n11367584115<\/p>","protected":false},"featured_media":1497,"comment_status":"open","ping_status":"closed","template":"","meta":[],"product_brand":[],"product_cat":[153,159],"product_tag":[],"class_list":{"0":"post-1769","1":"product","2":"type-product","3":"status-publish","4":"has-post-thumbnail","6":"product_cat-vanos-ventielen","7":"product_cat-vanos-ventielen-2","8":"pa_motorcodes-n43-b16","9":"pa_motorcodes-n43-b20","11":"first","12":"instock","13":"sale","14":"taxable","15":"shipping-taxable","16":"purchasable","17":"product-type-simple"},"_links":{"self":[{"href":"https:\/\/vanosrepair.nl\/es\/wp-json\/wp\/v2\/product\/1769","targetHints":{"allow":["GET"]}}],"collection":[{"href":"https:\/\/vanosrepair.nl\/es\/wp-json\/wp\/v2\/product"}],"about":[{"href":"https:\/\/vanosrepair.nl\/es\/wp-json\/wp\/v2\/types\/product"}],"replies":[{"embeddable":true,"href":"https:\/\/vanosrepair.nl\/es\/wp-json\/wp\/v2\/comments?post=1769"}],"wp:featuredmedia":[{"embeddable":true,"href":"https:\/\/vanosrepair.nl\/es\/wp-json\/wp\/v2\/media\/1497"}],"wp:attachment":[{"href":"https:\/\/vanosrepair.nl\/es\/wp-json\/wp\/v2\/media?parent=1769"}],"wp:term":[{"taxonomy":"product_brand","embeddable":true,"href":"https:\/\/vanosrepair.nl\/es\/wp-json\/wp\/v2\/product_brand?post=1769"},{"taxonomy":"product_cat","embeddable":true,"href":"https:\/\/vanosrepair.nl\/es\/wp-json\/wp\/v2\/product_cat?post=1769"},{"taxonomy":"product_tag","embeddable":true,"href":"https:\/\/vanosrepair.nl\/es\/wp-json\/wp\/v2\/product_tag?post=1769"}],"curies":[{"name":"wp","href":"https:\/\/api.w.org\/{rel}","templated":true}]}}