{"id":1728,"date":"2022-04-12T09:05:24","date_gmt":"2022-04-12T09:05:24","guid":{"rendered":"https:\/\/vanosrepair.nl\/product\/178029-febi-bilstein-kleppendeksel-met-ontluchtingsklep-en-pakking\/"},"modified":"2025-01-13T09:07:54","modified_gmt":"2025-01-13T09:07:54","slug":"b58b30-kleppendeksel-met-ontluchtingsklep-en-pakking-febi-bilstein-178029","status":"publish","type":"product","link":"https:\/\/vanosrepair.nl\/es\/shop\/kleppendeksel\/b58b30-kleppendeksel-met-ontluchtingsklep-en-pakking-febi-bilstein-178029\/","title":{"rendered":"B58B30 - Tapa de v\u00e1lvula con v\u00e1lvula de purga y junta - FEBI BILSTEIN -..."},"content":{"rendered":"","protected":false},"excerpt":{"rendered":"<p>N\u00famero de pieza FEBI 178029<br \/>\nViene con junta<\/p>\n<p><strong>N\u00fameros de referencia BMW OEM:<\/strong><br \/>\n11127645173<br \/>\n11 12 7 645 173<\/p>","protected":false},"featured_media":1711,"comment_status":"open","ping_status":"closed","template":"","meta":[],"product_brand":[],"product_cat":[155],"product_tag":[],"class_list":{"0":"post-1728","1":"product","2":"type-product","3":"status-publish","4":"has-post-thumbnail","6":"product_cat-kleppendeksel","7":"pa_motorcodes-b58-b30","9":"first","10":"instock","11":"sale","12":"taxable","13":"shipping-taxable","14":"purchasable","15":"product-type-simple"},"_links":{"self":[{"href":"https:\/\/vanosrepair.nl\/es\/wp-json\/wp\/v2\/product\/1728","targetHints":{"allow":["GET"]}}],"collection":[{"href":"https:\/\/vanosrepair.nl\/es\/wp-json\/wp\/v2\/product"}],"about":[{"href":"https:\/\/vanosrepair.nl\/es\/wp-json\/wp\/v2\/types\/product"}],"replies":[{"embeddable":true,"href":"https:\/\/vanosrepair.nl\/es\/wp-json\/wp\/v2\/comments?post=1728"}],"wp:featuredmedia":[{"embeddable":true,"href":"https:\/\/vanosrepair.nl\/es\/wp-json\/wp\/v2\/media\/1711"}],"wp:attachment":[{"href":"https:\/\/vanosrepair.nl\/es\/wp-json\/wp\/v2\/media?parent=1728"}],"wp:term":[{"taxonomy":"product_brand","embeddable":true,"href":"https:\/\/vanosrepair.nl\/es\/wp-json\/wp\/v2\/product_brand?post=1728"},{"taxonomy":"product_cat","embeddable":true,"href":"https:\/\/vanosrepair.nl\/es\/wp-json\/wp\/v2\/product_cat?post=1728"},{"taxonomy":"product_tag","embeddable":true,"href":"https:\/\/vanosrepair.nl\/es\/wp-json\/wp\/v2\/product_tag?post=1728"}],"curies":[{"name":"wp","href":"https:\/\/api.w.org\/{rel}","templated":true}]}}