{"id":469,"date":"2020-12-29T18:59:36","date_gmt":"2020-12-29T18:59:36","guid":{"rendered":"https:\/\/vanosrepair.skyberatedev.nl\/product\/enkele-vanos-xl-revisie-voordeelset-m50tu-m52\/"},"modified":"2024-07-30T14:20:27","modified_gmt":"2024-07-30T14:20:27","slug":"m50b20-m50b25-m52b20-m52b25-m52b28-enkele-vanos-xl-beisan-revisie-voordeelset","status":"publish","type":"product","link":"https:\/\/vanosrepair.nl\/de\/shop\/vanos-voordeel-sets\/m50b20-m50b25-m52b20-m52b25-m52b28-enkele-vanos-xl-beisan-revisie-voordeelset\/","title":{"rendered":"M50B20 - M50B25 - M52B20 - M52B25 - M52B28 - Einzelne VANOS XL Beisan Revision..."},"content":{"rendered":"<p><strong>Dieses XL-VANOS-\u00dcberholungs-Starterkit ist f\u00fcr die komplette \u00dcberholung eines einzelnen VANOS geeignet.<\/strong><\/p>\n<p>Mit diesem Set k\u00f6nnen Sie perfekt eine Dichtungs\u00fcberholung durchf\u00fchren und haben einen Rabatt von 10% im Vergleich zu einzelnen Materialien.<\/p>\n<p><strong>Dieses Produkt ist geeignet f\u00fcr:<\/strong><\/p>\n<table>\n<tbody>\n<tr>\n<td>BMW<\/td>\n<td>3er<\/td>\n<td>1990\/09-1998\/02<\/td>\n<td>E36<\/td>\n<td>320i<\/td>\n<td>1991 ccm, 110 KW, 150 PS<\/td>\n<\/tr>\n<tr>\n<td>BMW<\/td>\n<td>3er<\/td>\n<td>1995\/03-1998\/02<\/td>\n<td>E36<\/td>\n<td>323i 2.5<\/td>\n<td>2494 ccm, 125 KW, 170 PS<\/td>\n<\/tr>\n<tr>\n<td>BMW<\/td>\n<td>3er Kabriolett<\/td>\n<td>1993\/12-1999\/04<\/td>\n<td>E36<\/td>\n<td>320i<\/td>\n<td>1991 ccm, 110 KW, 150 PS<\/td>\n<\/tr>\n<tr>\n<td>BMW<\/td>\n<td>3er Kabriolett<\/td>\n<td>1995\/06-1999\/04<\/td>\n<td>E36<\/td>\n<td>323i<\/td>\n<td>2494 ccm, 125 KW, 170 PS<\/td>\n<\/tr>\n<tr>\n<td>BMW<\/td>\n<td>3er Kabriolett<\/td>\n<td>1993\/03-1995\/12<\/td>\n<td>E36<\/td>\n<td>325i<\/td>\n<td>2494 ccm, 141 KW, 192 PS<\/td>\n<\/tr>\n<tr>\n<td>BMW<\/td>\n<td>3er Kabriolett<\/td>\n<td>1995\/03-1999\/04<\/td>\n<td>E36<\/td>\n<td>328i<\/td>\n<td>2793 ccm, 142 KW, 193 PS<\/td>\n<\/tr>\n<tr>\n<td>BMW<\/td>\n<td>3er Kompakt<\/td>\n<td>1997\/08-2000\/08<\/td>\n<td>E36<\/td>\n<td>323 TI<\/td>\n<td>2494 ccm, 125 KW, 170 PS<\/td>\n<\/tr>\n<tr>\n<td>BMW<\/td>\n<td>3er Coup\u00e9<\/td>\n<td>1992\/03-1999\/04<\/td>\n<td>E36<\/td>\n<td>320i<\/td>\n<td>1991 ccm, 110 KW, 150 PS<\/td>\n<\/tr>\n<tr>\n<td>BMW<\/td>\n<td>3er Coup\u00e9<\/td>\n<td>1995\/03-1999\/04<\/td>\n<td>E36<\/td>\n<td>323i<\/td>\n<td>2494 ccm, 125 KW, 170 PS<\/td>\n<\/tr>\n<tr>\n<td>BMW<\/td>\n<td>3er Coup\u00e9<\/td>\n<td>1992\/03-1999\/04<\/td>\n<td>E36<\/td>\n<td>325i<\/td>\n<td>2494 ccm, 141 KW, 192 PS<\/td>\n<\/tr>\n<tr>\n<td>BMW<\/td>\n<td>3er Coup\u00e9<\/td>\n<td>1995\/01-1999\/04<\/td>\n<td>E36<\/td>\n<td>328i<\/td>\n<td>2793 ccm, 142 KW, 193 PS<\/td>\n<\/tr>\n<tr>\n<td>BMW<\/td>\n<td>3er Touring<\/td>\n<td>1995\/01-1999\/10<\/td>\n<td>E36<\/td>\n<td>320i<\/td>\n<td>1991 ccm, 110 KW, 150 PS<\/td>\n<\/tr>\n<tr>\n<td>BMW<\/td>\n<td>3er Touring<\/td>\n<td>1995\/09-1999\/10<\/td>\n<td>E36<\/td>\n<td>323i<\/td>\n<td>2494 ccm, 125 KW, 170 PS<\/td>\n<\/tr>\n<tr>\n<td>BMW<\/td>\n<td>3er Touring<\/td>\n<td>1994\/08-1999\/12<\/td>\n<td>E36<\/td>\n<td>328i<\/td>\n<td>2793 ccm, 142 KW, 193 PS<\/td>\n<\/tr>\n<tr>\n<td>BMW<\/td>\n<td>5er<\/td>\n<td>1996\/01-2003\/06<\/td>\n<td>E39<\/td>\n<td>520i<\/td>\n<td>1991 ccm, 110 KW, 150 PS<\/td>\n<\/tr>\n<tr>\n<td>BMW<\/td>\n<td>5er<\/td>\n<td>1995\/11-2000\/09<\/td>\n<td>E39<\/td>\n<td>523i<\/td>\n<td>2494 ccm, 125 KW, 170 PS<\/td>\n<\/tr>\n<tr>\n<td>BMW<\/td>\n<td>5er<\/td>\n<td>1995\/11-2000\/09<\/td>\n<td>E39<\/td>\n<td>528i<\/td>\n<td>2793 ccm, 142 KW, 193 PS<\/td>\n<\/tr>\n<tr>\n<td>BMW<\/td>\n<td>7er<\/td>\n<td>1995\/11-2001\/09<\/td>\n<td>E38<\/td>\n<td>728i X<\/td>\n<td>2793 ccm, 142 KW, 193 PS<\/td>\n<\/tr>\n<\/tbody>\n<\/table>","protected":false},"excerpt":{"rendered":"<p><span style=\"color: #000000;\"><strong>Einzelne VANOS XL \u00dcberholung Schn\u00e4ppchen-Kit f\u00fcr eine komplette VANOS \u00dcberholung mit 10% Rabatt auf alle Materialien.<\/strong><\/span><\/p>\n<p>Alle gelieferten Materialien sind von bester Qualit\u00e4t (besser oder gleichwertig mit der Erstmontage), damit Ihr VANOS wieder wie neu ist und den Rest Ihres Autolebens h\u00e4lt.<\/p>\n<p><strong>Geeignet f\u00fcr:<\/strong><\/p>\n<table>\n<tbody>\n<tr>\n<td><strong>M50TU<\/strong><\/td>\n<td><strong>1993-1995<\/strong><\/td>\n<\/tr>\n<tr>\n<td><strong>M52<\/strong><\/td>\n<td><strong>1995-2000<\/strong><\/td>\n<\/tr>\n<\/tbody>\n<\/table>\n<p><strong>Inhalt des Leistungssets:<\/strong><\/p>\n<p><strong>\u2713 Beisan Systems einzelne VANOS-Dichtungen<\/strong><\/p>\n<p><strong>\u2713 Beisan Systems einzelnes VANOS Anti-Rassel-Set<\/strong><\/p>\n<p><strong>\u2713 VANOS-Dichtung<\/strong><\/p>\n<p><strong>\u2713 Satz Zugsicherungsbolzen (f\u00fcr St\u00f6\u00dfelkappen)<\/strong><\/p>\n<p><strong>Anschluss-Set (VITON O-Ring und ALU-Ringe)<\/strong><\/p>","protected":false},"featured_media":358,"comment_status":"open","ping_status":"closed","template":"","meta":[],"product_brand":[],"product_cat":[20],"product_tag":[],"class_list":{"0":"post-469","1":"product","2":"type-product","3":"status-publish","4":"has-post-thumbnail","6":"product_cat-vanos-voordeel-sets","7":"pa_motorcodes-m50-b20","8":"pa_motorcodes-m50-b25","9":"pa_motorcodes-m52-b20","10":"pa_motorcodes-m52-b25","11":"pa_motorcodes-m52-b28","13":"first","14":"instock","15":"sale","16":"taxable","17":"shipping-taxable","18":"purchasable","19":"product-type-simple"},"_links":{"self":[{"href":"https:\/\/vanosrepair.nl\/de\/wp-json\/wp\/v2\/product\/469","targetHints":{"allow":["GET"]}}],"collection":[{"href":"https:\/\/vanosrepair.nl\/de\/wp-json\/wp\/v2\/product"}],"about":[{"href":"https:\/\/vanosrepair.nl\/de\/wp-json\/wp\/v2\/types\/product"}],"replies":[{"embeddable":true,"href":"https:\/\/vanosrepair.nl\/de\/wp-json\/wp\/v2\/comments?post=469"}],"wp:featuredmedia":[{"embeddable":true,"href":"https:\/\/vanosrepair.nl\/de\/wp-json\/wp\/v2\/media\/358"}],"wp:attachment":[{"href":"https:\/\/vanosrepair.nl\/de\/wp-json\/wp\/v2\/media?parent=469"}],"wp:term":[{"taxonomy":"product_brand","embeddable":true,"href":"https:\/\/vanosrepair.nl\/de\/wp-json\/wp\/v2\/product_brand?post=469"},{"taxonomy":"product_cat","embeddable":true,"href":"https:\/\/vanosrepair.nl\/de\/wp-json\/wp\/v2\/product_cat?post=469"},{"taxonomy":"product_tag","embeddable":true,"href":"https:\/\/vanosrepair.nl\/de\/wp-json\/wp\/v2\/product_tag?post=469"}],"curies":[{"name":"wp","href":"https:\/\/api.w.org\/{rel}","templated":true}]}}