{"id":458,"date":"2020-12-29T18:59:29","date_gmt":"2020-12-29T18:59:29","guid":{"rendered":"https:\/\/vanosrepair.skyberatedev.nl\/product\/kleine-o-ring-solenoid-n43-n63-11367561852\/"},"modified":"2022-07-16T14:01:17","modified_gmt":"2022-07-16T14:01:17","slug":"11367561852-kleine-o-ring-solenoid-n43-n63","status":"publish","type":"product","link":"https:\/\/vanosrepair.nl\/de\/shop\/vanos-revisie-sets\/alle-beisan-revisie-sets\/n42-n43-n45-n46-n63\/11367561852-kleine-o-ring-solenoid-n43-n63\/","title":{"rendered":"11367561852 - Kleiner O-Ring Magnetventil N43 N63"},"content":{"rendered":"<p><strong>Durch die Verwendung dieses speziellen O-Rings ist sichergestellt, dass der Magnet wieder richtig abdichtet.<\/strong><strong><br \/>\n<\/strong><\/p>\n<p><strong>BMW-Nr.: 11367561852<\/strong><\/p>\n<p>HINWEIS: Jeder Magnet verf\u00fcgt \u00fcber 2 O-Ringe (klein und gro\u00df). Das ist der kleine O-Ring. Sie m\u00fcssen auch den gro\u00dfen O-Ring (Nr. 2 im Bild) (11367548320) bestellen.<\/p>\n<p><span style=\"font-size: small; color: #000000;\"><strong>Anwendung:<\/strong><\/span><\/p>\n<p><strong>1\u2032Serie<\/strong><br \/>\n<strong>E81<\/strong><br \/>\n116i 1.6 N43<br \/>\n116i 2.0 N43<br \/>\n118i N43<br \/>\n120i N43<br \/>\n<strong>E82<\/strong><br \/>\n120i N43<br \/>\n<strong>E87 Facelift<\/strong><br \/>\n116i 1.6 N43<br \/>\n116i 2.0 N43<br \/>\n118i N43<br \/>\n120i N43<br \/>\n<strong>E88<\/strong><br \/>\n118i N43<br \/>\n120i N43<br \/>\n<strong>3er Serie<\/strong><br \/>\n<strong>E90<\/strong><br \/>\n316i N43<br \/>\n318i N43<br \/>\n320i N43<br \/>\n<strong>E90 Facelift<\/strong><br \/>\n316i N43<br \/>\n318i N43<br \/>\n320i N43<br \/>\n<strong>E91<\/strong><br \/>\n318i N43<br \/>\n320i N43<br \/>\n<strong>E91-Facelift<\/strong><br \/>\n316i N43<br \/>\n318i N43<br \/>\n320i N43<br \/>\n<strong>E92<\/strong><br \/>\n316i N43<br \/>\n320i N43<br \/>\n<strong>E92 Facelift<\/strong><br \/>\n316i N43<br \/>\n318i N43<br \/>\n320i N43<br \/>\n<strong>E93<\/strong><br \/>\n320i N43<br \/>\n<strong>E93-Facelift<\/strong><br \/>\n318i N43<br \/>\n320i N43<br \/>\n<strong>5er Serie<\/strong><br \/>\n<strong>E60 Facelift<\/strong><br \/>\n520i N43<br \/>\n<strong>E62 Facelift<\/strong><br \/>\n520i N43<br \/>\n<strong>F07<\/strong><br \/>\n550i N63N<br \/>\n550iXN63N<br \/>\n550iX 4.0 N63N<br \/>\n550iX 4.4 N63N<br \/>\n<strong>Facelift F07<\/strong><br \/>\n550i N63N<br \/>\n550iXN63N<br \/>\n550iX 4.0 N63N<br \/>\n550iX 4.4 N63N<br \/>\n<strong>F10<\/strong><br \/>\nM5 S63N<br \/>\n<strong>F10-Facelifting<\/strong><br \/>\n550i N63N<br \/>\n550iXN63N<br \/>\n<strong>F11-Facelifting<\/strong><br \/>\n550i N63N<br \/>\n<strong>6er Serie<\/strong><br \/>\n<strong>F06<\/strong><br \/>\n650i N63N<br \/>\n650iXN63N<br \/>\n650iX 4.0 N63N<br \/>\n650iX 4.4 N63N<br \/>\nALPINA B6 N62N<br \/>\nM6 S63N<br \/>\n<strong>F06 Facelifting<\/strong><br \/>\n650i N63N<br \/>\n650iXN63N<br \/>\n650iX 4.0 N63N<br \/>\n650iX 4.4 N63N<br \/>\nALPINA B6 N62N<br \/>\n<strong>F12<\/strong><br \/>\n650i N63N<br \/>\n650iXN63N<br \/>\n650iX 4.0 N63N<br \/>\n650iX 4.4 N63N<br \/>\nM6 S63N<br \/>\n<strong>F12-Facelifting<\/strong><br \/>\n650i N63N<br \/>\n650iXN63N<br \/>\n650iX 4.0 N63N<br \/>\n650iX 4.4 N63N<br \/>\n<strong>F13<\/strong><br \/>\n650i N63N<br \/>\n650iXN63N<br \/>\n650iX 4.0 N63N<br \/>\n650iX 4.4 N63N<br \/>\nM6 S63N<br \/>\n<strong>F13-Facelift<\/strong><br \/>\n650i N63N<br \/>\n650iXN63N<br \/>\n650iX 4.0 N63N<br \/>\n650iX 4.4 N63N<br \/>\n<strong>7er Serie<\/strong><br \/>\n<strong>F01 Facelifting<\/strong><br \/>\n750i N63N<br \/>\n750iXN63N<br \/>\nALPINA B7 N63N<br \/>\nALPINA B7X N63N<br \/>\n<strong>F02 Facelifting<\/strong><br \/>\n750Li N63N<br \/>\n750LiX N63N<br \/>\n750LiX 4.0 N63N<br \/>\n750LiX 4.4 N63N<br \/>\nALPINA B7L N63N<br \/>\nALPINA B7LXN63N<br \/>\n<strong>X5Serie<\/strong><br \/>\n<strong>F15<\/strong><br \/>\nX5 50iX N63N<br \/>\nX5 50iX 4.0 N63N<br \/>\nX5 50iX 4.4 N63N<br \/>\nF85<br \/>\nX5M S63R<br \/>\n<strong>X6Serie<\/strong><br \/>\n<strong>F 16<\/strong><br \/>\nX6 50iX N63N<br \/>\nX6 50iX 4.0 N63N<br \/>\nX6 50iX 4.4 N63N<br \/>\n<strong>F86<\/strong><br \/>\nX6M S63R<\/p>\n<p>&nbsp;<\/p>","protected":false},"excerpt":{"rendered":"<p><span style=\"color: #000000;\"><strong>Kleiner O-Ring (Nr. 3 im Bild) zur Magnetabdichtung f\u00fcr N43 und N63<\/strong><\/span><\/p>\n<p>Dies ist eine <strong>VITON<\/strong> Version (Original BMW ist NBR), die widerstandsf\u00e4higer gegen hohe Temperaturen und chemische Einfl\u00fcsse ist.<\/p>\n<p><strong>BMW-Nummer: 11367561852<\/strong><\/p>\n<p><strong>Geeignet f\u00fcr:<\/strong><\/p>\n<p><strong>N43 und N63<br \/>\n<\/strong><\/p>\n<p>Fahrzeugliste siehe \u201eProduktbeschreibung\u201c.<\/p>","protected":false},"featured_media":336,"comment_status":"open","ping_status":"closed","template":"","meta":[],"product_brand":[],"product_cat":[48,250,34,40,256,21,249],"product_tag":[],"class_list":{"0":"post-458","1":"product","2":"type-product","3":"status-publish","4":"has-post-thumbnail","6":"product_cat-alle-pakkingen-en-diverse","7":"product_cat-alle-revisie-toebehoren","8":"product_cat-n42-n43-n45-n46-n63","9":"product_cat-n42-n43-n45-n46-n63-solenoid","10":"product_cat-n42-43-45-46-62-solenoid-toebehoren","11":"product_cat-pakkingen-toebehoren","12":"product_cat-vanos-revisie-toebehoren","14":"first","15":"instock","16":"taxable","17":"shipping-taxable","18":"purchasable","19":"product-type-simple"},"_links":{"self":[{"href":"https:\/\/vanosrepair.nl\/de\/wp-json\/wp\/v2\/product\/458","targetHints":{"allow":["GET"]}}],"collection":[{"href":"https:\/\/vanosrepair.nl\/de\/wp-json\/wp\/v2\/product"}],"about":[{"href":"https:\/\/vanosrepair.nl\/de\/wp-json\/wp\/v2\/types\/product"}],"replies":[{"embeddable":true,"href":"https:\/\/vanosrepair.nl\/de\/wp-json\/wp\/v2\/comments?post=458"}],"wp:featuredmedia":[{"embeddable":true,"href":"https:\/\/vanosrepair.nl\/de\/wp-json\/wp\/v2\/media\/336"}],"wp:attachment":[{"href":"https:\/\/vanosrepair.nl\/de\/wp-json\/wp\/v2\/media?parent=458"}],"wp:term":[{"taxonomy":"product_brand","embeddable":true,"href":"https:\/\/vanosrepair.nl\/de\/wp-json\/wp\/v2\/product_brand?post=458"},{"taxonomy":"product_cat","embeddable":true,"href":"https:\/\/vanosrepair.nl\/de\/wp-json\/wp\/v2\/product_cat?post=458"},{"taxonomy":"product_tag","embeddable":true,"href":"https:\/\/vanosrepair.nl\/de\/wp-json\/wp\/v2\/product_tag?post=458"}],"curies":[{"name":"wp","href":"https:\/\/api.w.org\/{rel}","templated":true}]}}