{"id":448,"date":"2020-12-29T18:59:26","date_gmt":"2020-12-29T18:59:26","guid":{"rendered":"https:\/\/vanosrepair.skyberatedev.nl\/product\/kleine-o-ring-solenoid-n42-n45-n46-11361439705\/"},"modified":"2022-07-20T17:44:09","modified_gmt":"2022-07-20T17:44:09","slug":"11361439705-kleine-o-ring-solenoid-n42-n45-n46","status":"publish","type":"product","link":"https:\/\/vanosrepair.nl\/de\/shop\/vanos-revisie-sets\/alle-beisan-revisie-sets\/n42-n43-n45-n46-n63\/11361439705-kleine-o-ring-solenoid-n42-n45-n46\/","title":{"rendered":"11361439705 - Kleiner O-Ring Magnetventil N42 N45 N46"},"content":{"rendered":"<p>Durch die Verwendung dieses speziellen O-Rings ist sichergestellt, dass der Magnet wieder richtig abdichtet.<\/p>\n<p><strong>BMW-Nr.: 11361439705<\/strong><\/p>\n<p><strong>NB<\/strong>: Jeder Magnet hat 2 O-Ringe (klein und gro\u00df). Das ist der kleine O-Ring. Sie m\u00fcssen auch den gro\u00dfen O-Ring (11367506178) bestellen.<\/p>","protected":false},"excerpt":{"rendered":"<p><span style=\"color: #000000;\"><strong>Kleiner O-Ring zur Magnetabdichtung f\u00fcr N42, N45 und N46<\/strong><\/span><\/p>\n<p>Dies ist eine <strong>VITON-Version<\/strong> (Original BMW ist NBR), das widerstandsf\u00e4higer gegen hohe Temperaturen und chemische Einfl\u00fcsse ist.<\/p>\n<p><strong>BMW-Nummer: 11361439705<\/strong><\/p>\n<p><strong>Geeignet f\u00fcr:<\/strong><\/p>\n<p><strong>N42<br \/>\nN45<br \/>\nN46\u00a0<\/strong><\/p>","protected":false},"featured_media":316,"comment_status":"open","ping_status":"closed","template":"","meta":[],"product_brand":[],"product_cat":[48,250,34,40,256,21,249],"product_tag":[],"class_list":{"0":"post-448","1":"product","2":"type-product","3":"status-publish","4":"has-post-thumbnail","6":"product_cat-alle-pakkingen-en-diverse","7":"product_cat-alle-revisie-toebehoren","8":"product_cat-n42-n43-n45-n46-n63","9":"product_cat-n42-n43-n45-n46-n63-solenoid","10":"product_cat-n42-43-45-46-62-solenoid-toebehoren","11":"product_cat-pakkingen-toebehoren","12":"product_cat-vanos-revisie-toebehoren","14":"first","15":"instock","16":"taxable","17":"shipping-taxable","18":"purchasable","19":"product-type-simple"},"_links":{"self":[{"href":"https:\/\/vanosrepair.nl\/de\/wp-json\/wp\/v2\/product\/448","targetHints":{"allow":["GET"]}}],"collection":[{"href":"https:\/\/vanosrepair.nl\/de\/wp-json\/wp\/v2\/product"}],"about":[{"href":"https:\/\/vanosrepair.nl\/de\/wp-json\/wp\/v2\/types\/product"}],"replies":[{"embeddable":true,"href":"https:\/\/vanosrepair.nl\/de\/wp-json\/wp\/v2\/comments?post=448"}],"wp:featuredmedia":[{"embeddable":true,"href":"https:\/\/vanosrepair.nl\/de\/wp-json\/wp\/v2\/media\/316"}],"wp:attachment":[{"href":"https:\/\/vanosrepair.nl\/de\/wp-json\/wp\/v2\/media?parent=448"}],"wp:term":[{"taxonomy":"product_brand","embeddable":true,"href":"https:\/\/vanosrepair.nl\/de\/wp-json\/wp\/v2\/product_brand?post=448"},{"taxonomy":"product_cat","embeddable":true,"href":"https:\/\/vanosrepair.nl\/de\/wp-json\/wp\/v2\/product_cat?post=448"},{"taxonomy":"product_tag","embeddable":true,"href":"https:\/\/vanosrepair.nl\/de\/wp-json\/wp\/v2\/product_tag?post=448"}],"curies":[{"name":"wp","href":"https:\/\/api.w.org\/{rel}","templated":true}]}}