{"id":428,"date":"2020-12-29T18:59:18","date_gmt":"2020-12-29T18:59:18","guid":{"rendered":"https:\/\/vanosrepair.skyberatedev.nl\/product\/beisan-systems-s62-vanos-1999-seals-reparatie-set\/"},"modified":"2023-03-21T18:50:54","modified_gmt":"2023-03-21T18:50:54","slug":"s62b50-beisan-systems-vanos-1999-seals-revisie-set","status":"publish","type":"product","link":"https:\/\/vanosrepair.nl\/de\/shop\/vanos-revisie-sets\/alle-beisan-revisie-sets\/m5-s62-vanos-totaal\/s62b50-beisan-systems-vanos-1999-seals-revisie-set\/","title":{"rendered":"S62B50 - Beisan Systems Vanos 1999+ Dichtungen \u00dcberholungskit"},"content":{"rendered":"<p><strong>Dieses Dichtungsreparaturset von Beisan Systems eignet sich zur \u00dcberholung eines E39 M5 \/ E52 Z8 S62 VANOS (2 St\u00fcck).<\/strong><\/p>\n<p><strong>Dieses Revisionsset enth\u00e4lt die Dichtungen zur \u00dcberholung beider VANOS-Einheiten.<\/strong><\/p>\n<p>Durch die Anwendung dieses, in Amerika speziell entwickelten Sets, ist Ihr VANOS nach der Revision wieder wie neu. Die originalen Teflonringe verschlei\u00dfen und die O-Ringe verlieren ihre Vorspannung (Abflachung des O-Rings), was zu \u00d6lleckagen f\u00fchren kann. All dies f\u00fchrt zu einer geringeren Leistung des VANOS.<\/p>\n<p>Eine Montageanleitung finden Sie unter <strong><a title=\"Handb\u00fccher\" href=\"https:\/\/vanosrepair.nl\/de\/vanos-revisie-handleiding-manual.html\/\">HANDB\u00dcCHER<\/a><\/strong><\/p>\n<p><strong>Dieses Produkt ist geeignet f\u00fcr:<\/strong><\/p>\n<table width=\"494\">\n<tbody>\n<tr>\n<td width=\"104\">M5 (E39)<\/td>\n<td width=\"102\"><strong>S62 Vanos<\/strong><\/td>\n<td width=\"87\">1999 - 2003<\/td>\n<td width=\"142\">S62 B50<\/td>\n<td width=\"59\">294 kW<\/td>\n<\/tr>\n<tr>\n<td width=\"104\">Z8 (E52)<\/td>\n<td width=\"102\"><strong>S62 Vanos<\/strong><\/td>\n<td width=\"87\">1999 - 2003<\/td>\n<td width=\"142\">S62 B50<\/td>\n<td width=\"59\">294 kW<\/td>\n<\/tr>\n<\/tbody>\n<\/table>","protected":false},"excerpt":{"rendered":"<p style=\"text-align: left;\"><span style=\"color: #000000;\"><strong>S62 VANOS Dichtungen Reparatursatz der bekannten Marke Beisan Systems<\/strong><\/span><\/p>\n<p style=\"text-align: left;\"><span style=\"color: #000000;\"><strong>Dieses Set ist f\u00fcr das Jahr 1999+ geeignet. F\u00fcr 1998 ben\u00f6tigen Sie den anderen Dichtungssatz.<\/strong><\/span><\/p>\n<p>Wenn Ihre VANOS mit diesem Dichtungsreparatursatz \u00fcberholt wird, funktioniert sie wieder wie neu und der Motor bringt wieder seine optimale Leistung.<\/p>\n<p><strong>geeignet f\u00fcr:<\/strong><\/p>\n<table width=\"150\">\n<tbody>\n<tr>\n<td><strong>E39 M5 S62<\/strong><\/td>\n<td><strong>1999-2003<\/strong><\/td>\n<\/tr>\n<tr>\n<td><strong>E52 Z8 S62<\/strong><\/td>\n<td><strong>1999-2003<\/strong><\/td>\n<\/tr>\n<\/tbody>\n<\/table>","protected":false},"featured_media":895,"comment_status":"open","ping_status":"closed","template":"","meta":[],"product_brand":[],"product_cat":[27,33,19],"product_tag":[],"class_list":{"0":"post-428","1":"product","2":"type-product","3":"status-publish","4":"has-post-thumbnail","6":"product_cat-alle-beisan-revisie-sets","7":"product_cat-m5-s62-vanos-totaal","8":"product_cat-vanos-revisie-sets","9":"pa_motorcodes-s62-b50","11":"first","12":"instock","13":"taxable","14":"shipping-taxable","15":"purchasable","16":"product-type-simple"},"_links":{"self":[{"href":"https:\/\/vanosrepair.nl\/de\/wp-json\/wp\/v2\/product\/428","targetHints":{"allow":["GET"]}}],"collection":[{"href":"https:\/\/vanosrepair.nl\/de\/wp-json\/wp\/v2\/product"}],"about":[{"href":"https:\/\/vanosrepair.nl\/de\/wp-json\/wp\/v2\/types\/product"}],"replies":[{"embeddable":true,"href":"https:\/\/vanosrepair.nl\/de\/wp-json\/wp\/v2\/comments?post=428"}],"wp:featuredmedia":[{"embeddable":true,"href":"https:\/\/vanosrepair.nl\/de\/wp-json\/wp\/v2\/media\/895"}],"wp:attachment":[{"href":"https:\/\/vanosrepair.nl\/de\/wp-json\/wp\/v2\/media?parent=428"}],"wp:term":[{"taxonomy":"product_brand","embeddable":true,"href":"https:\/\/vanosrepair.nl\/de\/wp-json\/wp\/v2\/product_brand?post=428"},{"taxonomy":"product_cat","embeddable":true,"href":"https:\/\/vanosrepair.nl\/de\/wp-json\/wp\/v2\/product_cat?post=428"},{"taxonomy":"product_tag","embeddable":true,"href":"https:\/\/vanosrepair.nl\/de\/wp-json\/wp\/v2\/product_tag?post=428"}],"curies":[{"name":"wp","href":"https:\/\/api.w.org\/{rel}","templated":true}]}}