{"id":407,"date":"2020-12-29T18:59:08","date_gmt":"2020-12-29T18:59:08","guid":{"rendered":"https:\/\/vanosrepair.skyberatedev.nl\/product\/beisan-systems-enkele-vanos-anti-ratel-reparatie-set\/"},"modified":"2022-07-20T18:43:38","modified_gmt":"2022-07-20T18:43:38","slug":"m50b20-m50b25-m52b20-m52b25-m52b28-beisan-systems-enkele-vanos-anti-ratel-reparatie-set","status":"publish","type":"product","link":"https:\/\/vanosrepair.nl\/de\/shop\/vanos-revisie-sets\/alle-beisan-revisie-sets\/enkele-vanos-m50-52-totaal\/m50b20-m50b25-m52b20-m52b25-m52b28-beisan-systems-enkele-vanos-anti-ratel-reparatie-set\/","title":{"rendered":"M50B20 - M50B25 - M52B20 - M52B25 - M52B28 - Beisan Systems Einzel-VANOS-Anti..."},"content":{"rendered":"<p><strong>Dieser Beisan Systems Anti-Rassel-Reparatursatz ist f\u00fcr die \u00dcberholung eines einzelnen VANOS geeignet.<\/strong><\/p>\n<p>Durch die Anwendung dieses Kits wird das Lagerspiel Ihres VANOS perfekt und es wird wieder ger\u00e4uschlos arbeiten.<\/p>\n<p>TIPP 1: Installieren Sie bei der \u00dcberholung auch den Beisan Systemdichtungs-Reparatursatz, damit Ihr VANOS wieder wie neu wird.<\/p>\n<p>TIPP 2: Sie haben f\u00fcr diese Reparatur <strong><a href=\"\/de\/bmw-vanos-gereedschap\/zachte-bankschroef-bekken-39.html\/\">weiche Schraubstockbacken<\/a> <\/strong>ben\u00f6tigt<strong>.<\/strong><\/p>\n<p>Eine Installationsanleitung finden Sie auf der Seite <a href=\"\/de\/vanos-revsie-manuals.html\/\"><strong>Handb\u00fccher<\/strong><\/a><\/p>\n<p><strong>Dieses Produkt ist geeignet f\u00fcr:<\/strong><\/p>\n<table width=\"100%\">\n<tbody>\n<tr>\n<td>3er<\/td>\n<td>1990\/09 - 1998\/02<\/td>\n<td>E36<\/td>\n<td>320i<\/td>\n<td>110 KW<\/td>\n<\/tr>\n<tr>\n<td>3er<\/td>\n<td>1995\/03 - 1998\/02<\/td>\n<td>E36<\/td>\n<td>323i 2.5<\/td>\n<td>125 KW<\/td>\n<\/tr>\n<tr>\n<td>3er Kabriolett<\/td>\n<td>1993\/12 - 1999\/04<\/td>\n<td>E36<\/td>\n<td>320i<\/td>\n<td>110 KW<\/td>\n<\/tr>\n<tr>\n<td>3er Kabriolett<\/td>\n<td>1995\/06 - 1999\/04<\/td>\n<td>E36<\/td>\n<td>323i<\/td>\n<td>125 KW<\/td>\n<\/tr>\n<tr>\n<td>3er Kabriolett<\/td>\n<td>1993\/03 - 1995\/12<\/td>\n<td>E36<\/td>\n<td>325i<\/td>\n<td>141 KW<\/td>\n<\/tr>\n<tr>\n<td>3er Kabriolett<\/td>\n<td>1995\/03 - 1999\/04<\/td>\n<td>E36<\/td>\n<td>328i<\/td>\n<td>142 KW<\/td>\n<\/tr>\n<tr>\n<td>3er Kompakt<\/td>\n<td>1997\/08 - 2000\/08<\/td>\n<td>E36<\/td>\n<td>323 TI<\/td>\n<td>125 KW<\/td>\n<\/tr>\n<tr>\n<td>3er Coup\u00e9<\/td>\n<td>1992\/03 - 1999\/04<\/td>\n<td>E36<\/td>\n<td>320i<\/td>\n<td>110 KW<\/td>\n<\/tr>\n<tr>\n<td>3er Coup\u00e9<\/td>\n<td>1995\/03 - 1999\/04<\/td>\n<td>E36<\/td>\n<td>323i<\/td>\n<td>125 KW<\/td>\n<\/tr>\n<tr>\n<td>3er Coup\u00e9<\/td>\n<td>1992\/03 - 1999\/04<\/td>\n<td>E36<\/td>\n<td>325i<\/td>\n<td>141 KW<\/td>\n<\/tr>\n<tr>\n<td>3er Coup\u00e9<\/td>\n<td>1995\/01 - 1999\/04<\/td>\n<td>E36<\/td>\n<td>328i<\/td>\n<td>142 KW<\/td>\n<\/tr>\n<tr>\n<td>3er Touring<\/td>\n<td>1995\/01 - 1999\/10<\/td>\n<td>E36<\/td>\n<td>320i<\/td>\n<td>110 KW<\/td>\n<\/tr>\n<tr>\n<td>3er Touring<\/td>\n<td>1995\/09 - 1999\/10<\/td>\n<td>E36<\/td>\n<td>323i<\/td>\n<td>125 KW<\/td>\n<\/tr>\n<tr>\n<td>3er Touring<\/td>\n<td>1994\/08 - 1999\/12<\/td>\n<td>E36<\/td>\n<td>328i<\/td>\n<td>142 KW<\/td>\n<\/tr>\n<tr>\n<td>5er<\/td>\n<td>1996\/01 - 2003\/06<\/td>\n<td>E39<\/td>\n<td>520i<\/td>\n<td>110 KW<\/td>\n<\/tr>\n<tr>\n<td>5er<\/td>\n<td>1995\/11 - 2000\/09<\/td>\n<td>E39<\/td>\n<td>523i<\/td>\n<td>125 KW<\/td>\n<\/tr>\n<tr>\n<td>5er<\/td>\n<td>1995\/11 - 2000\/09<\/td>\n<td>E39<\/td>\n<td>528i<\/td>\n<td>142 KW<\/td>\n<\/tr>\n<tr>\n<td>7er<\/td>\n<td>1995\/11 - 2001\/09<\/td>\n<td>E38<\/td>\n<td>728i X<\/td>\n<td>142 KW<\/td>\n<\/tr>\n<\/tbody>\n<\/table>","protected":false},"excerpt":{"rendered":"<p><span style=\"color: #000000;\"><strong>Einzelner VANOS-Ratschen-Reparatursatz von der bekannten Marke Beisan Systems<\/strong><\/span><\/p>\n<p>Wenn Ihr VANOS mit diesem Anti-Rassel-Reparatursatz \u00fcberholt wird, ist das Lagerspiel wieder perfekt und die Ger\u00e4usche geh\u00f6ren der Vergangenheit an.<\/p>\n<p>geeignet f\u00fcr:<\/p>\n<table>\n<tbody>\n<tr>\n<td>M50TU<\/td>\n<td>1993-1995<\/td>\n<\/tr>\n<tr>\n<td>M52<\/td>\n<td>1995-2000<\/td>\n<\/tr>\n<\/tbody>\n<\/table>","protected":false},"featured_media":824,"comment_status":"open","ping_status":"closed","template":"","meta":[],"product_brand":[],"product_cat":[27,28,19],"product_tag":[],"class_list":{"0":"post-407","1":"product","2":"type-product","3":"status-publish","4":"has-post-thumbnail","6":"product_cat-alle-beisan-revisie-sets","7":"product_cat-enkele-vanos-m50-52-totaal","8":"product_cat-vanos-revisie-sets","9":"pa_motorcodes-m50-b20","10":"pa_motorcodes-m50-b25","11":"pa_motorcodes-m52-b20","12":"pa_motorcodes-m52-b25","13":"pa_motorcodes-m52-b28","15":"first","16":"instock","17":"taxable","18":"shipping-taxable","19":"purchasable","20":"product-type-simple"},"_links":{"self":[{"href":"https:\/\/vanosrepair.nl\/de\/wp-json\/wp\/v2\/product\/407","targetHints":{"allow":["GET"]}}],"collection":[{"href":"https:\/\/vanosrepair.nl\/de\/wp-json\/wp\/v2\/product"}],"about":[{"href":"https:\/\/vanosrepair.nl\/de\/wp-json\/wp\/v2\/types\/product"}],"replies":[{"embeddable":true,"href":"https:\/\/vanosrepair.nl\/de\/wp-json\/wp\/v2\/comments?post=407"}],"wp:featuredmedia":[{"embeddable":true,"href":"https:\/\/vanosrepair.nl\/de\/wp-json\/wp\/v2\/media\/824"}],"wp:attachment":[{"href":"https:\/\/vanosrepair.nl\/de\/wp-json\/wp\/v2\/media?parent=407"}],"wp:term":[{"taxonomy":"product_brand","embeddable":true,"href":"https:\/\/vanosrepair.nl\/de\/wp-json\/wp\/v2\/product_brand?post=407"},{"taxonomy":"product_cat","embeddable":true,"href":"https:\/\/vanosrepair.nl\/de\/wp-json\/wp\/v2\/product_cat?post=407"},{"taxonomy":"product_tag","embeddable":true,"href":"https:\/\/vanosrepair.nl\/de\/wp-json\/wp\/v2\/product_tag?post=407"}],"curies":[{"name":"wp","href":"https:\/\/api.w.org\/{rel}","templated":true}]}}