{"id":402,"date":"2020-12-29T18:59:07","date_gmt":"2020-12-29T18:59:07","guid":{"rendered":"https:\/\/vanosrepair.skyberatedev.nl\/product\/beisan-systems-euro-s50-dubbele-vanos-seals-reparatie-set\/"},"modified":"2025-03-16T09:13:12","modified_gmt":"2025-03-16T09:13:12","slug":"s50b32-beisan-systems-s50-dubbele-vanos-seals-revisie-set","status":"publish","type":"product","link":"https:\/\/vanosrepair.nl\/de\/shop\/vanos-revisie-sets\/alle-beisan-revisie-sets\/e36-m3-s50-vanos-totaal\/s50b32-beisan-systems-s50-dubbele-vanos-seals-revisie-set\/","title":{"rendered":"S50B32 - Beisan Systems S50 doppelte VANOS-Dichtungen \u00dcberholungskit"},"content":{"rendered":"<p><strong>Dieser Dichtungsreparatursatz von Beisan Systems ist f\u00fcr eine Euro S50 Doppel-VANOS geeignet.<\/strong><\/p>\n<p>Durch die Anwendung dieses, in Amerika speziell entwickelten Sets, ist Ihr VANOS nach der Revision wieder wie neu. Die originalen Teflonringe verschlei\u00dfen und die O-Ringe verlieren ihre Vorspannung (Abflachung des O-Rings), was zu \u00d6lleckagen f\u00fchren kann. All dies f\u00fchrt zu einer geringeren Leistung des VANOS.<\/p>\n<p>TIPP: Bauen Sie bei der \u00dcberholung auch das Antirassel-Set ein, damit Ihr Lagerspiel wieder perfekt ist und alle Nebenger\u00e4usche (Klappern) verschwinden.<\/p>\n<p>Eine Installationsanleitung finden Sie auf der Seite <strong><a title=\"Handb\u00fccher\" href=\"http:\/\/www.beisansystems.com\/procedures\/euro_s50_double_vanos_procedure.htm\">HANDB\u00dcCHER<\/a><\/strong><\/p>\n<p><strong>Dieses Produkt ist geeignet f\u00fcr:<\/strong><\/p>\n<table>\n<tbody>\n<tr>\n<td>M3 (E36)<\/td>\n<td><strong>Euro S50 Doppel-Vanos<\/strong><\/td>\n<td>1995 - 2000<\/td>\n<td>S50B32<\/td>\n<td>236kW<\/td>\n<\/tr>\n<tr>\n<td>Z3 (E36) M<\/td>\n<td><strong>Euro S50 Doppel-Vanos<\/strong><\/td>\n<td>1997 - 2001<\/td>\n<td>S50B32<\/td>\n<td>236kW<\/td>\n<\/tr>\n<\/tbody>\n<\/table>","protected":false},"excerpt":{"rendered":"<p><span style=\"color: #000000;\"><strong>Euro S50 Doppel-VANOS-Dichtungen Reparatursatz der bekannten Marke Beisan Systems.<\/strong><\/span><\/p>\n<p>Wenn Ihr VANOS mit diesem Dichtungsreparatursatz \u00fcberholt wird, wird es so gut wie neu sein und optimal funktionieren.<\/p>\n<p>geeignet f\u00fcr:<\/p>\n<table>\n<tbody>\n<tr>\n<td>E36 M3<\/td>\n<td>1995 - 2000<\/td>\n<td>S50B32<\/td>\n<\/tr>\n<tr>\n<td>E36 Z3 M<\/td>\n<td>1997 - 2001<\/td>\n<td>S50B32<\/td>\n<\/tr>\n<\/tbody>\n<\/table>","protected":false},"featured_media":874,"comment_status":"open","ping_status":"closed","template":"","meta":[],"product_brand":[],"product_cat":[27,30,19],"product_tag":[],"class_list":{"0":"post-402","1":"product","2":"type-product","3":"status-publish","4":"has-post-thumbnail","6":"product_cat-alle-beisan-revisie-sets","7":"product_cat-e36-m3-s50-vanos-totaal","8":"product_cat-vanos-revisie-sets","9":"pa_motorcodes-s50-b32","11":"first","12":"instock","13":"taxable","14":"shipping-taxable","15":"purchasable","16":"product-type-simple"},"_links":{"self":[{"href":"https:\/\/vanosrepair.nl\/de\/wp-json\/wp\/v2\/product\/402","targetHints":{"allow":["GET"]}}],"collection":[{"href":"https:\/\/vanosrepair.nl\/de\/wp-json\/wp\/v2\/product"}],"about":[{"href":"https:\/\/vanosrepair.nl\/de\/wp-json\/wp\/v2\/types\/product"}],"replies":[{"embeddable":true,"href":"https:\/\/vanosrepair.nl\/de\/wp-json\/wp\/v2\/comments?post=402"}],"wp:featuredmedia":[{"embeddable":true,"href":"https:\/\/vanosrepair.nl\/de\/wp-json\/wp\/v2\/media\/874"}],"wp:attachment":[{"href":"https:\/\/vanosrepair.nl\/de\/wp-json\/wp\/v2\/media?parent=402"}],"wp:term":[{"taxonomy":"product_brand","embeddable":true,"href":"https:\/\/vanosrepair.nl\/de\/wp-json\/wp\/v2\/product_brand?post=402"},{"taxonomy":"product_cat","embeddable":true,"href":"https:\/\/vanosrepair.nl\/de\/wp-json\/wp\/v2\/product_cat?post=402"},{"taxonomy":"product_tag","embeddable":true,"href":"https:\/\/vanosrepair.nl\/de\/wp-json\/wp\/v2\/product_tag?post=402"}],"curies":[{"name":"wp","href":"https:\/\/api.w.org\/{rel}","templated":true}]}}