{"id":401,"date":"2020-12-29T18:59:05","date_gmt":"2020-12-29T18:59:05","guid":{"rendered":"https:\/\/vanosrepair.skyberatedev.nl\/product\/beisan-systems-euro-s50-enkele-vanos-seals-reparatie-set\/"},"modified":"2026-03-03T12:47:42","modified_gmt":"2026-03-03T12:47:42","slug":"s50b30-beisan-systems-s50-enkele-vanos-seals-revisie-set","status":"publish","type":"product","link":"https:\/\/vanosrepair.nl\/de\/shop\/vanos-revisie-sets\/alle-beisan-revisie-sets\/e36-m3-s50-vanos-totaal\/s50b30-beisan-systems-s50-enkele-vanos-seals-revisie-set\/","title":{"rendered":"S50B30 - Beisan Systems S50 einzelne VANOS-Dichtungen \u00dcberholungskit"},"content":{"rendered":"<p><strong>Diese Beisan Systems Dichtungen Reparatur-Kit ist geeignet f\u00fcr einen Euro S50 einzigen VANOS.<\/strong><\/p>\n<p>Durch die Anwendung dieses, in Amerika speziell entwickelten Sets, ist Ihr VANOS nach der Revision wieder wie neu. Die originalen Teflonringe verschlei\u00dfen und die O-Ringe verlieren ihre Vorspannung (Abflachung des O-Rings), was zu \u00d6lleckagen f\u00fchren kann. All dies f\u00fchrt zu einer geringeren Leistung des VANOS.<\/p>\n<p>TIPP: Bauen Sie bei der \u00dcberholung auch das Antirassel-Set ein, damit Ihr Lagerspiel wieder perfekt ist und alle Nebenger\u00e4usche (Klappern) verschwinden.<\/p>\n<p>Eine Installationsanleitung finden Sie auf der Seite <strong><a title=\"Handb\u00fccher\" href=\"http:\/\/www.beisansystems.com\/procedures\/euro_s50_single_vanos_procedure.htm\">HANDB\u00dcCHER<\/a><\/strong><\/p>\n<p><strong>Dieses Produkt ist geeignet f\u00fcr:<\/strong><\/p>\n<table>\n<tbody>\n<tr>\n<td>M3 (E36)<\/td>\n<td><strong>Euro S50 Einzel-Vanos<\/strong><\/td>\n<td>1992 - 1999<\/td>\n<td>S50B30<\/td>\n<td>210kW<\/td>\n<\/tr>\n<tr>\n<td>M3 GT (E36)<\/td>\n<td><strong>Euro S50 Einzel-Vanos<\/strong><\/td>\n<td>1995 - 1996<\/td>\n<td>S50B30<\/td>\n<td>217kW<\/td>\n<\/tr>\n<\/tbody>\n<\/table>","protected":false},"excerpt":{"rendered":"<p><span style=\"color: #000000;\"><strong>Euro S50 Single VANOS Dichtungen Reparatursatz von der renommierten Marke Beisan Systems<\/strong><\/span><\/p>\n<p>Wenn Ihr VANOS mit diesem Dichtungsreparatursatz \u00fcberholt wird, wird es so gut wie neu sein und optimal funktionieren.<\/p>\n<p><strong>geeignet f\u00fcr:<\/strong><\/p>\n<table>\n<tbody>\n<tr>\n<td><strong>E36 M3<\/strong><\/td>\n<td><strong>1992-1999<\/strong><\/td>\n<td><strong>S50B30<\/strong><\/td>\n<\/tr>\n<tr>\n<td><strong>E36 M3 GT<\/strong><\/td>\n<td><strong>1995-1996<\/strong><\/td>\n<td><strong>S50B30<\/strong><\/td>\n<\/tr>\n<\/tbody>\n<\/table>","protected":false},"featured_media":862,"comment_status":"open","ping_status":"closed","template":"","meta":[],"product_brand":[],"product_cat":[27,30,19],"product_tag":[],"class_list":{"0":"post-401","1":"product","2":"type-product","3":"status-publish","4":"has-post-thumbnail","6":"product_cat-alle-beisan-revisie-sets","7":"product_cat-e36-m3-s50-vanos-totaal","8":"product_cat-vanos-revisie-sets","9":"pa_motorcodes-s50-b30","11":"first","12":"instock","13":"taxable","14":"shipping-taxable","15":"purchasable","16":"product-type-simple"},"_links":{"self":[{"href":"https:\/\/vanosrepair.nl\/de\/wp-json\/wp\/v2\/product\/401","targetHints":{"allow":["GET"]}}],"collection":[{"href":"https:\/\/vanosrepair.nl\/de\/wp-json\/wp\/v2\/product"}],"about":[{"href":"https:\/\/vanosrepair.nl\/de\/wp-json\/wp\/v2\/types\/product"}],"replies":[{"embeddable":true,"href":"https:\/\/vanosrepair.nl\/de\/wp-json\/wp\/v2\/comments?post=401"}],"wp:featuredmedia":[{"embeddable":true,"href":"https:\/\/vanosrepair.nl\/de\/wp-json\/wp\/v2\/media\/862"}],"wp:attachment":[{"href":"https:\/\/vanosrepair.nl\/de\/wp-json\/wp\/v2\/media?parent=401"}],"wp:term":[{"taxonomy":"product_brand","embeddable":true,"href":"https:\/\/vanosrepair.nl\/de\/wp-json\/wp\/v2\/product_brand?post=401"},{"taxonomy":"product_cat","embeddable":true,"href":"https:\/\/vanosrepair.nl\/de\/wp-json\/wp\/v2\/product_cat?post=401"},{"taxonomy":"product_tag","embeddable":true,"href":"https:\/\/vanosrepair.nl\/de\/wp-json\/wp\/v2\/product_tag?post=401"}],"curies":[{"name":"wp","href":"https:\/\/api.w.org\/{rel}","templated":true}]}}