{"id":2519,"date":"2022-06-27T14:05:37","date_gmt":"2022-06-27T14:05:37","guid":{"rendered":"https:\/\/vanosrepair.nl\/?post_type=product&#038;p=2519"},"modified":"2026-04-11T18:22:31","modified_gmt":"2026-04-11T18:22:31","slug":"koelvloeistof-dop-upgrade-aluminium-1-2-bar","status":"publish","type":"product","link":"https:\/\/vanosrepair.nl\/de\/shop\/alu-koelvloeistofdop-upgrade\/koelvloeistof-dop-upgrade-aluminium-1-2-bar\/","title":{"rendered":"K\u00fchlmitteldeckel Upgrade - Aluminium - 1,2 Bar"},"content":{"rendered":"<p>Anwendung auf die folgenden Modelle:<\/p>\n<table border=\"0\" cellspacing=\"10\" cellpadding=\"10\" align=\"left\">\n<tbody>\n<tr>\n<td valign=\"top\" width=\"220px\">E30:<br \/>\nE30 318i Cabrio<br \/>\nE30 318i Limousine<br \/>\nE30 318is CoupeE31:<br \/>\nE31 840Ci Coup\u00e9<br \/>\nE31 840i Coup\u00e9<br \/>\nE31 850Ci Coup\u00e9<br \/>\nE31 850CSi CoupeE32:<br \/>\nE32 735i Limousine<br \/>\nE32 735iL Limousine<br \/>\nE32 740i Limousine<br \/>\nE32 740iL Limousine<br \/>\nE32 750iL LimousineE34:<br \/>\nE34 535i<br \/>\nE34 M5 3.6 Limousine<br \/>\nE34 530i Touring<br \/>\nE34 530i Limousine<br \/>\nE34 540i Limousine<br \/>\nE34 525i Limousine<br \/>\nE34 525i Touring<\/p>\n<p>E36:<br \/>\nE36 318i Cabrio<br \/>\nE36 318i Limousine<br \/>\nE36 318is Coup\u00e9<br \/>\nE36 318ti Kompakt<br \/>\nE36 320i Limousine<br \/>\nE36 323i Coup\u00e9<br \/>\nE36 323i Cabrio<br \/>\nE36 325i Limousine<br \/>\nE36 325i Cabrio<br \/>\nE36 325is Coup\u00e9<br \/>\nE36 328i Coup\u00e9<br \/>\nE36 328i Cabrio<br \/>\nE36 328i Limousine<br \/>\nE36 M3 Limousine<br \/>\nE36 M3 Coup\u00e9<br \/>\nE36 M3 Cabrio<\/p>\n<p>E38:<br \/>\nE38 740i Limousine<br \/>\nE38 740iL Limousine<br \/>\nE38 750iL Limousine<br \/>\nE38 740iLP Limousine<br \/>\nE38 750iLP Limousine<\/p>\n<p>E39:<br \/>\nE39 528i Limousine<br \/>\nE39 540i Limousine<br \/>\nE39 540iP Limousine<br \/>\nE39 525i Limousine<br \/>\nE39 525i Touring<br \/>\nE39 528i Touring<br \/>\nE39 530i Limousine<br \/>\nE39 540i Touring<br \/>\nE39 M5 Limousine<\/td>\n<td valign=\"top\" width=\"220px\">E46:<br \/>\nE46 320i Limousine<br \/>\nE46 323Ci Coup\u00e9<br \/>\nE46 323Ci Cabrio<br \/>\nE46 323i Limousine<br \/>\nE46 323i Touring<br \/>\nE46 325Ci Coup\u00e9<br \/>\nE46 325Ci Cabrio<br \/>\nE46 325i Limousine<br \/>\nE46 325i Touring<br \/>\nE46 325xi Limousine<br \/>\nE46 325xi Touring<br \/>\nE46 328Ci Coup\u00e9<br \/>\nE46 328i Limousine<br \/>\nE46 330Ci Coup\u00e9<br \/>\nE46 330Ci Cabrio<br \/>\nE46 330i Limousine<br \/>\nE46 330xi Limousine<br \/>\nE46 M3 Coup\u00e9<br \/>\nE46 M3 CabrioE52:<br \/>\nE52 ALPINA V8 Roadster<br \/>\nE52 Z8 RoadsterE53:<br \/>\nE53 X5 3.0i SUV<br \/>\nE53 X5 4.4i<br \/>\nE53 X5 4.6is<br \/>\nE53 X5 4.8isE65:<br \/>\nE65 745i Limousine<br \/>\nE65 750i Limousine<br \/>\nE65 760i Limousine<br \/>\nE65 ALPINA B7 Limousine<\/p>\n<p>E66:<br \/>\nE66 745Li Limousine<br \/>\nE66 750Li Limousine<br \/>\nE66 760Li Limousine<\/p>\n<p>E83:<br \/>\nE83 X3 2.5i SUV<br \/>\nE83 X3 3.0i SUV<\/p>\n<p>E83N:<br \/>\nE83N X3 3.0i SUV<br \/>\nE83N X3 3.0si SUV<\/p>\n<p>E85:<br \/>\nE85 Z4 2.5i Roadster<br \/>\nE85 Z4 3.0i Roadster<br \/>\nE85 Z4 3.0si Roadster<br \/>\nE85 Z4 M3.2 Roadster<\/td>\n<td valign=\"top\" width=\"220px\">E86:<br \/>\nE86 Z4 3.0si Coup\u00e9<br \/>\nE86 Z4 M3.2 CoupeF01N:<br \/>\nF01N 750i Limousine<br \/>\nF01N 750iX LimousineF02N:<br \/>\nF02N 750Li Limousine<br \/>\nF02N 750LiX LimousineF06:<br \/>\nF06 650i Gran Coup\u00e9<br \/>\nF06 650iX Gran Coup\u00e9<\/p>\n<p>F07:<br \/>\nF07 550i Gran Turismo<br \/>\nF07 550iX Gran Turismo<\/p>\n<p>F10:<br \/>\nF10 M5 Limousine<\/p>\n<p>F12:<br \/>\nF12 650i Cabrio<br \/>\nF12 650iX Cabrio<br \/>\nF12 M6 Cabrio<\/p>\n<p>F13:<br \/>\nF13 650i Coup\u00e9<br \/>\nF13 650iX Coup\u00e9<br \/>\nF13 M6 Coup\u00e9<\/p>\n<p>RR1:<br \/>\nRR1 Phantom Limousine<br \/>\nRR1 Phantom EWB Limousine<\/p>\n<p>RR1N:<br \/>\nRR1N Phantom Limousine<br \/>\nRR1N Phantom EWB Limousine<\/p>\n<p>RR2:<br \/>\nRR2 Drophead Cabrio<\/p>\n<p>RR2N:<br \/>\nRR2N Drophead Cabrio<\/p>\n<p>RR3:<br \/>\nRR3 Coup\u00e9 Coup\u00e9<\/p>\n<p>RR3N:<br \/>\nRR3N Coup\u00e9 Coup\u00e9<\/td>\n<\/tr>\n<\/tbody>\n<\/table>","protected":false},"excerpt":{"rendered":"<p><strong>Upgrade K\u00fchlmitteldeckel 1,2 Bar (statt 2,0 Bar)<\/strong><br \/>\nVerbesserte Version von langlebigem Flugzeugaluminium<\/p>\n<p>Nie wieder ein gerissener oder geplatzter K\u00fchlmittelbeh\u00e4lter oder K\u00fchler!<\/p>\n<p>&nbsp;<\/p>\n<p><strong>BMW OEM-Referenznummern:<\/strong><br \/>\n<strong>17110152374<br \/>\n<\/strong><strong>17111742231<br \/>\n17117639022<\/strong><\/p>","protected":false},"featured_media":2520,"comment_status":"open","ping_status":"closed","template":"","meta":[],"product_brand":[],"product_cat":[248,23,166,46],"product_tag":[],"class_list":{"0":"post-2519","1":"product","2":"type-product","3":"status-publish","4":"has-post-thumbnail","6":"product_cat-alu-koelvloeistofdop-upgrade","7":"product_cat-diverse","8":"product_cat-koelsysteem","9":"product_cat-overig","11":"first","12":"outofstock","13":"taxable","14":"shipping-taxable","15":"purchasable","16":"product-type-simple"},"_links":{"self":[{"href":"https:\/\/vanosrepair.nl\/de\/wp-json\/wp\/v2\/product\/2519","targetHints":{"allow":["GET"]}}],"collection":[{"href":"https:\/\/vanosrepair.nl\/de\/wp-json\/wp\/v2\/product"}],"about":[{"href":"https:\/\/vanosrepair.nl\/de\/wp-json\/wp\/v2\/types\/product"}],"replies":[{"embeddable":true,"href":"https:\/\/vanosrepair.nl\/de\/wp-json\/wp\/v2\/comments?post=2519"}],"wp:featuredmedia":[{"embeddable":true,"href":"https:\/\/vanosrepair.nl\/de\/wp-json\/wp\/v2\/media\/2520"}],"wp:attachment":[{"href":"https:\/\/vanosrepair.nl\/de\/wp-json\/wp\/v2\/media?parent=2519"}],"wp:term":[{"taxonomy":"product_brand","embeddable":true,"href":"https:\/\/vanosrepair.nl\/de\/wp-json\/wp\/v2\/product_brand?post=2519"},{"taxonomy":"product_cat","embeddable":true,"href":"https:\/\/vanosrepair.nl\/de\/wp-json\/wp\/v2\/product_cat?post=2519"},{"taxonomy":"product_tag","embeddable":true,"href":"https:\/\/vanosrepair.nl\/de\/wp-json\/wp\/v2\/product_tag?post=2519"}],"curies":[{"name":"wp","href":"https:\/\/api.w.org\/{rel}","templated":true}]}}